{"id":8831,"date":"2023-10-15T13:06:48","date_gmt":"2023-10-15T11:06:48","guid":{"rendered":"https:\/\/prowashrobotics.com\/prowash-robotics\/"},"modified":"2025-03-12T17:50:25","modified_gmt":"2025-03-12T16:50:25","slug":"prowash-robotics","status":"publish","type":"page","link":"https:\/\/prowashrobotics.com\/ro\/prowash-robotics\/","title":{"rendered":"Prowash Robotics"},"content":{"rendered":"\t\t<div data-elementor-type=\"wp-page\" data-elementor-id=\"8831\" class=\"elementor elementor-8831 elementor-6889\" data-elementor-post-type=\"page\">\n\t\t\t\t\t\t\t\t\t<section class=\"elementor-section elementor-top-section elementor-element elementor-element-74462c8 elementor-section-full_width elementor-section-column-vertical-align-middle elementor-section-stretched elementor-section-gap-beside-yes elementor-section-height-default elementor-section-height-default\" data-id=\"74462c8\" data-element_type=\"section\" data-settings=\"{&quot;stretch_section&quot;:&quot;section-stretched&quot;,&quot;background_background&quot;:&quot;classic&quot;,&quot;background_motion_fx_motion_fx_scrolling&quot;:&quot;yes&quot;,&quot;background_motion_fx_translateY_effect&quot;:&quot;yes&quot;,&quot;background_motion_fx_translateY_speed&quot;:{&quot;unit&quot;:&quot;px&quot;,&quot;size&quot;:10,&quot;sizes&quot;:[]},&quot;background_motion_fx_translateY_affectedRange&quot;:{&quot;unit&quot;:&quot;%&quot;,&quot;size&quot;:&quot;&quot;,&quot;sizes&quot;:{&quot;start&quot;:0,&quot;end&quot;:100}},&quot;background_motion_fx_devices&quot;:[&quot;desktop&quot;,&quot;tablet&quot;,&quot;mobile&quot;]}\">\n\t\t\t\t\t\t\t<div class=\"elementor-background-overlay\"><\/div>\n\t\t\t\t\t\t\t<div class=\"elementor-container elementor-column-gap-extended\">\n\t\t\t\t\t<div class=\"elementor-column elementor-col-100 elementor-top-column elementor-element elementor-element-1abc335\" data-id=\"1abc335\" data-element_type=\"column\">\n\t\t\t<div class=\"elementor-widget-wrap elementor-element-populated\">\n\t\t\t\t\t\t\t\t<div class=\"elementor-element elementor-element-cfd25f1 elementor-widget elementor-widget-tm-heading\" data-id=\"cfd25f1\" data-element_type=\"widget\" data-widget_type=\"tm-heading.default\">\n\t\t\t\t<div class=\"elementor-widget-container\">\n\t\t\t\t\t<div class=\"tm-modern-heading\">\n\t\t\t\n\t\t\t\t\t<div class=\"heading-primary-wrap\">\n\t\t\t<h1 class=\"heading-primary elementor-heading-title\">NOI<\/h1>\t\t<\/div>\n\t\t\n\t\t\t\n\t\t\t\t\t<\/div>\n\t\t\t\t<\/div>\n\t\t\t\t<\/div>\n\t\t\t\t\t<\/div>\n\t\t<\/div>\n\t\t\t\t\t\t\t<\/div>\n\t\t<\/section>\n\t\t\t\t<section class=\"elementor-section elementor-top-section elementor-element elementor-element-d30a19a elementor-reverse-tablet elementor-reverse-mobile elementor-section-boxed elementor-section-gap-beside-yes elementor-section-height-default elementor-section-height-default elementor-section-column-vertical-align-stretch\" data-id=\"d30a19a\" data-element_type=\"section\">\n\t\t\t\t\t\t<div class=\"elementor-container elementor-column-gap-extended\">\n\t\t\t\t\t<div class=\"elementor-column elementor-col-100 elementor-top-column elementor-element elementor-element-d277c41\" data-id=\"d277c41\" data-element_type=\"column\">\n\t\t\t<div class=\"elementor-widget-wrap elementor-element-populated\">\n\t\t\t\t\t\t\t\t<section class=\"elementor-section elementor-inner-section elementor-element elementor-element-64b73cc elementor-section-boxed elementor-section-gap-beside-yes elementor-section-height-default elementor-section-height-default elementor-section-column-vertical-align-stretch\" data-id=\"64b73cc\" data-element_type=\"section\">\n\t\t\t\t\t\t<div class=\"elementor-container elementor-column-gap-extended\">\n\t\t\t\t\t<div class=\"elementor-column elementor-col-50 elementor-inner-column elementor-element elementor-element-1e5d2d5 elementor-invisible\" data-id=\"1e5d2d5\" data-element_type=\"column\" data-settings=\"{&quot;animation&quot;:&quot;billyFadeInUp&quot;}\">\n\t\t\t<div class=\"elementor-widget-wrap elementor-element-populated\">\n\t\t\t\t\t\t\t\t<div class=\"elementor-element elementor-element-5c41dc4 elementor-widget elementor-widget-tm-heading\" data-id=\"5c41dc4\" data-element_type=\"widget\" data-widget_type=\"tm-heading.default\">\n\t\t\t\t<div class=\"elementor-widget-container\">\n\t\t\t\t\t<div class=\"tm-modern-heading\">\n\t\t\t\t\t<div class=\"heading-secondary-wrap\">\n\t\t\t<div class=\"heading-secondary elementor-heading-title\">PROWASH ROBOTICS<\/div>\t\t<\/div>\n\t\t\n\t\t\t\t\t<div class=\"heading-primary-wrap\">\n\t\t\t<h2 class=\"heading-primary elementor-heading-title\">Creeaz\u0103 viitorul<\/h2>\t\t<\/div>\n\t\t\n\t\t\t\n\t\t\t\t\t<\/div>\n\t\t\t\t<\/div>\n\t\t\t\t<\/div>\n\t\t\t\t\t<\/div>\n\t\t<\/div>\n\t\t\t\t<div class=\"elementor-column elementor-col-50 elementor-inner-column elementor-element elementor-element-0b9a549 elementor-invisible\" data-id=\"0b9a549\" data-element_type=\"column\" data-settings=\"{&quot;animation&quot;:&quot;billyFadeInUp&quot;}\">\n\t\t\t<div class=\"elementor-widget-wrap elementor-element-populated\">\n\t\t\t\t\t\t\t\t<div class=\"elementor-element elementor-element-b251d1c elementor-widget elementor-widget-text-editor\" data-id=\"b251d1c\" data-element_type=\"widget\" data-widget_type=\"text-editor.default\">\n\t\t\t\t<div class=\"elementor-widget-container\">\n\t\t\t<style>\/*! elementor - v3.16.0 - 20-09-2023 *\/\n.elementor-widget-text-editor.elementor-drop-cap-view-stacked .elementor-drop-cap{background-color:#69727d;color:#fff}.elementor-widget-text-editor.elementor-drop-cap-view-framed .elementor-drop-cap{color:#69727d;border:3px solid;background-color:transparent}.elementor-widget-text-editor:not(.elementor-drop-cap-view-default) .elementor-drop-cap{margin-top:8px}.elementor-widget-text-editor:not(.elementor-drop-cap-view-default) .elementor-drop-cap-letter{width:1em;height:1em}.elementor-widget-text-editor .elementor-drop-cap{float:left;text-align:center;line-height:1;font-size:50px}.elementor-widget-text-editor .elementor-drop-cap-letter{display:inline-block}<\/style>\t\t\t\t<p><b>Prowash Robotics<\/b> s-a n\u0103scut cu misiunea de a atinge excelen\u021ba \u00een sp\u0103larea fermelor de porci prin solu\u021bii robotizate.<\/p>\n<p>Traiectoria companiei avanseaz\u0103 mereu, cu obiectivul axat pe inova\u021bie maxim\u0103. \u00cen consecin\u021b\u0103 \u0219i datorit\u0103 efortului profesional de cercetare \u0219i dezvoltare de c\u0103tre echipa noastr\u0103 de profesioni\u0219ti, putem avansa \u00een viitor, prezent\u00e2nd <b>Hidrobot<\/b>PWR<b>\u00ae<\/b>, unul dintre cei mai performanti robo\u021bi de sp\u0103lare cu presiune de pe pia\u021b\u0103.<\/p>\n\t\t\t\t\t\t<\/div>\n\t\t\t\t<\/div>\n\t\t\t\t\t<\/div>\n\t\t<\/div>\n\t\t\t\t\t\t\t<\/div>\n\t\t<\/section>\n\t\t\t\t\t<\/div>\n\t\t<\/div>\n\t\t\t\t\t\t\t<\/div>\n\t\t<\/section>\n\t\t<div class=\"elementor-element elementor-element-d40350e e-con-full e-flex e-con e-parent\" data-id=\"d40350e\" data-element_type=\"container\" data-settings=\"{&quot;content_width&quot;:&quot;full&quot;}\" data-core-v316-plus=\"true\">\n\t\t<div class=\"elementor-element elementor-element-f17b54d e-con-full e-flex e-con e-child\" data-id=\"f17b54d\" data-element_type=\"container\" data-settings=\"{&quot;content_width&quot;:&quot;full&quot;,&quot;background_background&quot;:&quot;classic&quot;}\">\n\t\t\t\t<\/div>\n\t\t<div class=\"elementor-element elementor-element-18cb0c7 e-con-full e-flex e-con e-child\" data-id=\"18cb0c7\" data-element_type=\"container\" data-settings=\"{&quot;content_width&quot;:&quot;full&quot;,&quot;background_background&quot;:&quot;classic&quot;,&quot;background_motion_fx_motion_fx_scrolling&quot;:&quot;yes&quot;,&quot;background_motion_fx_translateX_effect&quot;:&quot;yes&quot;,&quot;background_motion_fx_translateX_direction&quot;:&quot;negative&quot;,&quot;background_motion_fx_translateX_speed&quot;:{&quot;unit&quot;:&quot;px&quot;,&quot;size&quot;:4,&quot;sizes&quot;:[]},&quot;background_motion_fx_translateX_affectedRange&quot;:{&quot;unit&quot;:&quot;%&quot;,&quot;size&quot;:&quot;&quot;,&quot;sizes&quot;:{&quot;start&quot;:0,&quot;end&quot;:100}},&quot;background_motion_fx_devices&quot;:[&quot;desktop&quot;,&quot;tablet&quot;,&quot;mobile&quot;]}\">\n\t\t\t\t<div class=\"elementor-element elementor-element-6da7da9 elementor-widget elementor-widget-tm-heading\" data-id=\"6da7da9\" data-element_type=\"widget\" data-widget_type=\"tm-heading.default\">\n\t\t\t\t<div class=\"elementor-widget-container\">\n\t\t\t\t\t<div class=\"tm-modern-heading\">\n\t\t\t\n\t\t\t\t\t<div class=\"heading-primary-wrap\">\n\t\t\t<h2 class=\"heading-primary elementor-heading-title\">Angajamentul fa\u021b\u0103 de mediu<\/h2>\t\t<\/div>\n\t\t\n\t\t\t\n\t\t\t\t\t<\/div>\n\t\t\t\t<\/div>\n\t\t\t\t<\/div>\n\t\t\t\t<div class=\"elementor-element elementor-element-36e5d0e elementor-widget__width-initial elementor-widget elementor-widget-text-editor\" data-id=\"36e5d0e\" data-element_type=\"widget\" data-widget_type=\"text-editor.default\">\n\t\t\t\t<div class=\"elementor-widget-container\">\n\t\t\t\t\t\t\t<p><b>Prowash Robotics<\/b> se angajeaz\u0103 s\u0103 minimizeze impactul asupra mediului, gener\u00e2nd produse responsabile cu gestionarea eficiente a apei \u0219i cu consum redus de energie.<\/p>\n<p>Cel mai clar exemplu de responsabilitate a noastr\u0103 fa\u021b\u0103 de mediu este <b>Hidrobot<\/b>PWR\u00ae care nu necesit\u0103 utilizarea apei \u00een timp ce se deplaseaz\u0103 sau se pozi\u021bioneaz\u0103 \u00een boxa, doar \u00een momentul sp\u0103l\u0103rii, minimiz\u00e2nd astfel risipa de apa.<\/p>\n\t\t\t\t\t\t<\/div>\n\t\t\t\t<\/div>\n\t\t\t\t<\/div>\n\t\t\t\t<\/div>\n\t\t\t\t<section class=\"elementor-section elementor-top-section elementor-element elementor-element-5771598 elementor-reverse-tablet elementor-reverse-mobile elementor-section-boxed elementor-section-gap-beside-yes elementor-section-height-default elementor-section-height-default elementor-section-column-vertical-align-stretch\" data-id=\"5771598\" data-element_type=\"section\">\n\t\t\t\t\t\t<div class=\"elementor-container elementor-column-gap-extended\">\n\t\t\t\t\t<div class=\"elementor-column elementor-col-100 elementor-top-column elementor-element elementor-element-85b679d\" data-id=\"85b679d\" data-element_type=\"column\">\n\t\t\t<div class=\"elementor-widget-wrap elementor-element-populated\">\n\t\t\t\t\t\t\t\t<section class=\"elementor-section elementor-inner-section elementor-element elementor-element-22bb8fe elementor-section-boxed elementor-section-gap-beside-yes elementor-section-height-default elementor-section-height-default elementor-section-column-vertical-align-stretch\" data-id=\"22bb8fe\" data-element_type=\"section\">\n\t\t\t\t\t\t<div class=\"elementor-container elementor-column-gap-extended\">\n\t\t\t\t\t<div class=\"elementor-column elementor-col-50 elementor-inner-column elementor-element elementor-element-21c2830 elementor-invisible\" data-id=\"21c2830\" data-element_type=\"column\" data-settings=\"{&quot;animation&quot;:&quot;billyFadeInUp&quot;}\">\n\t\t\t<div class=\"elementor-widget-wrap elementor-element-populated\">\n\t\t\t\t\t\t\t\t<div class=\"elementor-element elementor-element-88a4ab1 elementor-widget elementor-widget-tm-heading\" data-id=\"88a4ab1\" data-element_type=\"widget\" data-widget_type=\"tm-heading.default\">\n\t\t\t\t<div class=\"elementor-widget-container\">\n\t\t\t\t\t<div class=\"tm-modern-heading\">\n\t\t\t\t\t<div class=\"heading-secondary-wrap\">\n\t\t\t<div class=\"heading-secondary elementor-heading-title\">Cele 5 beneficii<\/div>\t\t<\/div>\n\t\t\n\t\t\t\t\t<div class=\"heading-primary-wrap\">\n\t\t\t<h2 class=\"heading-primary elementor-heading-title\">Ale sp\u0103l\u0103rii cu \nHidrobotPWR\u00ae<\/h2>\t\t<\/div>\n\t\t\n\t\t\t\n\t\t\t\t\t<\/div>\n\t\t\t\t<\/div>\n\t\t\t\t<\/div>\n\t\t\t\t\t<\/div>\n\t\t<\/div>\n\t\t\t\t<div class=\"elementor-column elementor-col-50 elementor-inner-column elementor-element elementor-element-457b4bd elementor-invisible\" data-id=\"457b4bd\" data-element_type=\"column\" data-settings=\"{&quot;animation&quot;:&quot;billyFadeInUp&quot;}\">\n\t\t\t<div class=\"elementor-widget-wrap elementor-element-populated\">\n\t\t\t\t\t\t<div class=\"elementor-element elementor-element-db4b3e2 e-flex e-con-boxed e-con e-parent\" data-id=\"db4b3e2\" data-element_type=\"container\" data-settings=\"{&quot;content_width&quot;:&quot;boxed&quot;}\" data-core-v316-plus=\"true\">\n\t\t\t\t\t<div class=\"e-con-inner\">\n\t\t\t\t<div class=\"elementor-element elementor-element-99bf6fc elementor-widget__width-initial elementor-widget elementor-widget-image\" data-id=\"99bf6fc\" data-element_type=\"widget\" data-widget_type=\"image.default\">\n\t\t\t\t<div class=\"elementor-widget-container\">\n\t\t\t<style>\/*! elementor - v3.16.0 - 20-09-2023 *\/\n.elementor-widget-image{text-align:center}.elementor-widget-image a{display:inline-block}.elementor-widget-image a img[src$=\".svg\"]{width:48px}.elementor-widget-image img{vertical-align:middle;display:inline-block}<\/style>\t\t\t\t\t\t\t\t\t\t\t\t<img loading=\"lazy\" decoding=\"async\" width=\"47\" height=\"46\" src=\"https:\/\/prowashrobotics.com\/wp-content\/uploads\/2025\/03\/ico-1.svg\" class=\"attachment-large size-large wp-image-9406\" alt=\"\" \/>\t\t\t\t\t\t\t\t\t\t\t\t\t\t\t<\/div>\n\t\t\t\t<\/div>\n\t\t\t\t<div class=\"elementor-element elementor-element-088c77b elementor-vertical-align-top elementor-widget elementor-widget-icon-box\" data-id=\"088c77b\" data-element_type=\"widget\" data-widget_type=\"icon-box.default\">\n\t\t\t\t<div class=\"elementor-widget-container\">\n\t\t\t<link rel=\"stylesheet\" href=\"https:\/\/prowashrobotics.com\/wp-content\/plugins\/elementor\/assets\/css\/widget-icon-box.min.css\">\t\t<div class=\"elementor-icon-box-wrapper\">\n\t\t\t\t\t\t<div class=\"elementor-icon-box-content\">\n\t\t\t\t<h3 class=\"elementor-icon-box-title\">\n\t\t\t\t\t<span  >\n\t\t\t\t\t\tMediu mai s\u0103n\u0103tos\t\t\t\t\t<\/span>\n\t\t\t\t<\/h3>\n\t\t\t\t\t\t\t\t\t<p class=\"elementor-icon-box-description\">\n\t\t\t\t\t\tAutomatizarea procesului de sp\u0103lare nu numai c\u0103 \u00eembun\u0103t\u0103\u021be\u0219te bun\u0103starea lucr\u0103torilor, ci \u0219i u\u0219ureaz\u0103 munca manual\u0103 obositoare, care la r\u00e2ndul s\u0103u, reduce poten\u021bialele probleme de s\u0103n\u0103tate asociate cu procesele de sp\u0103lare a fermei, cum ar fi inhalarea de amoniac \u0219i efortul fizic intens.\t\t\t\t\t<\/p>\n\t\t\t\t\t\t\t<\/div>\n\t\t<\/div>\n\t\t\t\t<\/div>\n\t\t\t\t<\/div>\n\t\t\t\t\t<\/div>\n\t\t\t\t<\/div>\n\t\t<div class=\"elementor-element elementor-element-892eaa1 e-flex e-con-boxed e-con e-parent\" data-id=\"892eaa1\" data-element_type=\"container\" data-settings=\"{&quot;content_width&quot;:&quot;boxed&quot;}\" data-core-v316-plus=\"true\">\n\t\t\t\t\t<div class=\"e-con-inner\">\n\t\t\t\t<div class=\"elementor-element elementor-element-c9728b1 elementor-widget__width-initial elementor-widget elementor-widget-image\" data-id=\"c9728b1\" data-element_type=\"widget\" data-widget_type=\"image.default\">\n\t\t\t\t<div class=\"elementor-widget-container\">\n\t\t\t\t\t\t\t\t\t\t\t\t\t\t\t<img loading=\"lazy\" decoding=\"async\" width=\"47\" height=\"46\" src=\"https:\/\/prowashrobotics.com\/wp-content\/uploads\/2025\/03\/ico-2.svg\" class=\"attachment-large size-large wp-image-9411\" alt=\"\" \/>\t\t\t\t\t\t\t\t\t\t\t\t\t\t\t<\/div>\n\t\t\t\t<\/div>\n\t\t\t\t<div class=\"elementor-element elementor-element-084e08e elementor-vertical-align-top elementor-widget elementor-widget-icon-box\" data-id=\"084e08e\" data-element_type=\"widget\" data-widget_type=\"icon-box.default\">\n\t\t\t\t<div class=\"elementor-widget-container\">\n\t\t\t\t\t<div class=\"elementor-icon-box-wrapper\">\n\t\t\t\t\t\t<div class=\"elementor-icon-box-content\">\n\t\t\t\t<h3 class=\"elementor-icon-box-title\">\n\t\t\t\t\t<span  >\n\t\t\t\t\t\tSiguran\u021ba biologic\u0103\t\t\t\t\t<\/span>\n\t\t\t\t<\/h3>\n\t\t\t\t\t\t\t\t\t<p class=\"elementor-icon-box-description\">\n\t\t\t\t\t\tCu <strong>Hidrobot<\/strong>PWR\u00ae autogestionarea sp\u0103l\u0103rii \u00een ferm\u0103 \u00eent\u0103re\u0219te biosecuritatea \u0219i cre\u0219te nivelul de igien\u0103 datorit\u0103 sp\u0103l\u0103rii automate. Automatizarea reduce fluctua\u021bia personalului \u00eentre ferme \u0219i elimin\u0103 un factor de risc important.\t\t\t\t\t<\/p>\n\t\t\t\t\t\t\t<\/div>\n\t\t<\/div>\n\t\t\t\t<\/div>\n\t\t\t\t<\/div>\n\t\t\t\t\t<\/div>\n\t\t\t\t<\/div>\n\t\t<div class=\"elementor-element elementor-element-4bb12a2 e-flex e-con-boxed e-con e-parent\" data-id=\"4bb12a2\" data-element_type=\"container\" data-settings=\"{&quot;content_width&quot;:&quot;boxed&quot;}\" data-core-v316-plus=\"true\">\n\t\t\t\t\t<div class=\"e-con-inner\">\n\t\t\t\t<div class=\"elementor-element elementor-element-6ac2e61 elementor-widget__width-initial elementor-widget elementor-widget-image\" data-id=\"6ac2e61\" data-element_type=\"widget\" data-widget_type=\"image.default\">\n\t\t\t\t<div class=\"elementor-widget-container\">\n\t\t\t\t\t\t\t\t\t\t\t\t\t\t\t<img loading=\"lazy\" decoding=\"async\" width=\"47\" height=\"46\" src=\"https:\/\/prowashrobotics.com\/wp-content\/uploads\/2025\/03\/ico-3.svg\" class=\"attachment-large size-large wp-image-9416\" alt=\"\" \/>\t\t\t\t\t\t\t\t\t\t\t\t\t\t\t<\/div>\n\t\t\t\t<\/div>\n\t\t\t\t<div class=\"elementor-element elementor-element-38db608 elementor-vertical-align-top elementor-widget elementor-widget-icon-box\" data-id=\"38db608\" data-element_type=\"widget\" data-widget_type=\"icon-box.default\">\n\t\t\t\t<div class=\"elementor-widget-container\">\n\t\t\t\t\t<div class=\"elementor-icon-box-wrapper\">\n\t\t\t\t\t\t<div class=\"elementor-icon-box-content\">\n\t\t\t\t<h3 class=\"elementor-icon-box-title\">\n\t\t\t\t\t<span  >\n\t\t\t\t\t\tEconomie \u0219i reducerea risipei de apa\t\t\t\t\t<\/span>\n\t\t\t\t<\/h3>\n\t\t\t\t\t\t\t\t\t<p class=\"elementor-icon-box-description\">\n\t\t\t\t\t\tAcum, cu <strong>Hidrobot<\/strong>PWR\u00ae, sp\u0103larea fermei dumneavoastr\u0103 va fi o sarcin\u0103 mecanizat\u0103 mult mai rapid\u0103 \u0219i agil\u0103, \u00een care timpul \u0219i resursele umane vor fi optimizate. Rezultatul: timpi de sp\u0103lare redusi, eficien\u021b\u0103 sporit\u0103 a personalului \u0219i consum redus de ap\u0103.\t\t\t\t\t<\/p>\n\t\t\t\t\t\t\t<\/div>\n\t\t<\/div>\n\t\t\t\t<\/div>\n\t\t\t\t<\/div>\n\t\t\t\t\t<\/div>\n\t\t\t\t<\/div>\n\t\t<div class=\"elementor-element elementor-element-283c9c7 e-flex e-con-boxed e-con e-parent\" data-id=\"283c9c7\" data-element_type=\"container\" data-settings=\"{&quot;content_width&quot;:&quot;boxed&quot;}\" data-core-v316-plus=\"true\">\n\t\t\t\t\t<div class=\"e-con-inner\">\n\t\t\t\t<div class=\"elementor-element elementor-element-2ce92df elementor-widget__width-initial elementor-widget elementor-widget-image\" data-id=\"2ce92df\" data-element_type=\"widget\" data-widget_type=\"image.default\">\n\t\t\t\t<div class=\"elementor-widget-container\">\n\t\t\t\t\t\t\t\t\t\t\t\t\t\t\t<img loading=\"lazy\" decoding=\"async\" width=\"47\" height=\"46\" src=\"https:\/\/prowashrobotics.com\/wp-content\/uploads\/2025\/03\/ico-4.svg\" class=\"attachment-large size-large wp-image-9421\" alt=\"\" \/>\t\t\t\t\t\t\t\t\t\t\t\t\t\t\t<\/div>\n\t\t\t\t<\/div>\n\t\t\t\t<div class=\"elementor-element elementor-element-c1a2ee1 elementor-vertical-align-top elementor-widget elementor-widget-icon-box\" data-id=\"c1a2ee1\" data-element_type=\"widget\" data-widget_type=\"icon-box.default\">\n\t\t\t\t<div class=\"elementor-widget-container\">\n\t\t\t\t\t<div class=\"elementor-icon-box-wrapper\">\n\t\t\t\t\t\t<div class=\"elementor-icon-box-content\">\n\t\t\t\t<h3 class=\"elementor-icon-box-title\">\n\t\t\t\t\t<span  >\n\t\t\t\t\t\tControl mai bun al animalelor\t\t\t\t\t<\/span>\n\t\t\t\t<\/h3>\n\t\t\t\t\t\t\t\t\t<p class=\"elementor-icon-box-description\">\n\t\t\t\t\t\tAceast\u0103 economie de timp permite personalului s\u0103 dedice mai mult\u0103 aten\u021bie \u0219i resurse controlului animalelor. <strong>Hidrobot<\/strong>PWR\u00ae v\u0103 ajut\u0103 s\u0103 lucra\u021bi mai bine \u0219i mai eficient.\t\t\t\t\t<\/p>\n\t\t\t\t\t\t\t<\/div>\n\t\t<\/div>\n\t\t\t\t<\/div>\n\t\t\t\t<\/div>\n\t\t\t\t\t<\/div>\n\t\t\t\t<\/div>\n\t\t<div class=\"elementor-element elementor-element-9df0e9a e-flex e-con-boxed e-con e-parent\" data-id=\"9df0e9a\" data-element_type=\"container\" data-settings=\"{&quot;content_width&quot;:&quot;boxed&quot;}\" data-core-v316-plus=\"true\">\n\t\t\t\t\t<div class=\"e-con-inner\">\n\t\t\t\t<div class=\"elementor-element elementor-element-c5b5a41 elementor-widget__width-initial elementor-widget elementor-widget-image\" data-id=\"c5b5a41\" data-element_type=\"widget\" data-widget_type=\"image.default\">\n\t\t\t\t<div class=\"elementor-widget-container\">\n\t\t\t\t\t\t\t\t\t\t\t\t\t\t\t<img loading=\"lazy\" decoding=\"async\" width=\"47\" height=\"46\" src=\"https:\/\/prowashrobotics.com\/wp-content\/uploads\/2025\/03\/ico-5.svg\" class=\"attachment-large size-large wp-image-9426\" alt=\"\" \/>\t\t\t\t\t\t\t\t\t\t\t\t\t\t\t<\/div>\n\t\t\t\t<\/div>\n\t\t\t\t<div class=\"elementor-element elementor-element-33be198 elementor-vertical-align-top elementor-widget elementor-widget-icon-box\" data-id=\"33be198\" data-element_type=\"widget\" data-widget_type=\"icon-box.default\">\n\t\t\t\t<div class=\"elementor-widget-container\">\n\t\t\t\t\t<div class=\"elementor-icon-box-wrapper\">\n\t\t\t\t\t\t<div class=\"elementor-icon-box-content\">\n\t\t\t\t<h3 class=\"elementor-icon-box-title\">\n\t\t\t\t\t<span  >\n\t\t\t\t\t\tPerformanta in management\t\t\t\t\t<\/span>\n\t\t\t\t<\/h3>\n\t\t\t\t\t\t\t\t\t<p class=\"elementor-icon-box-description\">\n\t\t\t\t\t\t<strong>Hidrobot<\/strong>PWR\u00ae este extrem de versatil \u0219i adaptabil la configura\u021bia \u0219i nevoile fiec\u0103rei ferme. Pornirea este simpl\u0103, u\u0219oar\u0103 \u0219i intuitiv\u0103.\t\t\t\t\t<\/p>\n\t\t\t\t\t\t\t<\/div>\n\t\t<\/div>\n\t\t\t\t<\/div>\n\t\t\t\t<\/div>\n\t\t\t\t\t<\/div>\n\t\t\t\t<\/div>\n\t\t\t\t\t<\/div>\n\t\t<\/div>\n\t\t\t\t\t\t\t<\/div>\n\t\t<\/section>\n\t\t\t\t\t<\/div>\n\t\t<\/div>\n\t\t\t\t\t\t\t<\/div>\n\t\t<\/section>\n\t\t\t\t\t\t\t<\/div>\n\t\t","protected":false},"excerpt":{"rendered":"<p>NOI PROWASH ROBOTICS Creeaz\u0103 viitorul Prowash Robotics s-a n\u0103scut cu misiunea de a atinge excelen\u021ba \u00een sp\u0103larea fermelor de porci prin solu\u021bii robotizate. Traiectoria companiei avanseaz\u0103 mereu, cu obiectivul axat pe inova\u021bie maxim\u0103. \u00cen consecin\u021b\u0103 \u0219i datorit\u0103 efortului profesional de cercetare \u0219i dezvoltare de c\u0103tre echipa noastr\u0103 de profesioni\u0219ti, putem avansa \u00een viitor, prezent\u00e2nd HidrobotPWR\u00ae, unul dintre cei mai performanti robo\u021bi de sp\u0103lare cu presiune de pe pia\u021b\u0103. Angajamentul fa\u021b\u0103 de mediu Prowash Robotics se angajeaz\u0103 s\u0103 minimizeze impactul asupra mediului, gener\u00e2nd produse responsabile cu gestionarea eficiente a apei \u0219i cu consum redus de energie. Cel mai clar exemplu de responsabilitate a noastr\u0103 fa\u021b\u0103 de mediu este HidrobotPWR\u00ae care nu necesit\u0103 utilizarea apei \u00een timp ce se deplaseaz\u0103 sau se pozi\u021bioneaz\u0103 \u00een boxa, doar \u00een momentul sp\u0103l\u0103rii, minimiz\u00e2nd astfel risipa de apa. Cele 5 beneficii Ale sp\u0103l\u0103rii cu HidrobotPWR\u00ae Mediu mai s\u0103n\u0103tos Automatizarea procesului de sp\u0103lare nu numai c\u0103 \u00eembun\u0103t\u0103\u021be\u0219te bun\u0103starea lucr\u0103torilor, ci \u0219i u\u0219ureaz\u0103 munca manual\u0103 obositoare, care la r\u00e2ndul s\u0103u, reduce poten\u021bialele probleme de s\u0103n\u0103tate asociate cu procesele de sp\u0103lare a fermei, cum ar fi inhalarea de amoniac \u0219i efortul fizic intens. Siguran\u021ba biologic\u0103 Cu HidrobotPWR\u00ae autogestionarea sp\u0103l\u0103rii \u00een ferm\u0103 \u00eent\u0103re\u0219te biosecuritatea \u0219i cre\u0219te nivelul de igien\u0103 datorit\u0103 sp\u0103l\u0103rii automate. Automatizarea reduce fluctua\u021bia personalului \u00eentre ferme \u0219i elimin\u0103 un factor de risc important. Economie \u0219i reducerea risipei de apa Acum, cu HidrobotPWR\u00ae, sp\u0103larea fermei dumneavoastr\u0103 va fi o sarcin\u0103 mecanizat\u0103 mult mai rapid\u0103 \u0219i agil\u0103, \u00een care timpul \u0219i resursele umane vor fi optimizate. Rezultatul: timpi de sp\u0103lare redusi, eficien\u021b\u0103 sporit\u0103 a personalului \u0219i consum redus de ap\u0103. Control mai bun al animalelor Aceast\u0103 economie de timp permite personalului s\u0103 dedice mai mult\u0103 aten\u021bie \u0219i resurse controlului animalelor. HidrobotPWR\u00ae v\u0103 ajut\u0103 s\u0103 lucra\u021bi mai bine \u0219i mai eficient. Performanta in management HidrobotPWR\u00ae este extrem de versatil \u0219i adaptabil la configura\u021bia \u0219i nevoile fiec\u0103rei ferme. Pornirea este simpl\u0103, u\u0219oar\u0103 \u0219i intuitiv\u0103.<\/p>\n","protected":false},"author":1,"featured_media":0,"parent":0,"menu_order":0,"comment_status":"closed","ping_status":"closed","template":"elementor_header_footer","meta":{"footnotes":""},"class_list":["post-8831","page","type-page","status-publish","hentry","post-no-thumbnail"],"_links":{"self":[{"href":"https:\/\/prowashrobotics.com\/ro\/wp-json\/wp\/v2\/pages\/8831","targetHints":{"allow":["GET"]}}],"collection":[{"href":"https:\/\/prowashrobotics.com\/ro\/wp-json\/wp\/v2\/pages"}],"about":[{"href":"https:\/\/prowashrobotics.com\/ro\/wp-json\/wp\/v2\/types\/page"}],"author":[{"embeddable":true,"href":"https:\/\/prowashrobotics.com\/ro\/wp-json\/wp\/v2\/users\/1"}],"replies":[{"embeddable":true,"href":"https:\/\/prowashrobotics.com\/ro\/wp-json\/wp\/v2\/comments?post=8831"}],"version-history":[{"count":7,"href":"https:\/\/prowashrobotics.com\/ro\/wp-json\/wp\/v2\/pages\/8831\/revisions"}],"predecessor-version":[{"id":9446,"href":"https:\/\/prowashrobotics.com\/ro\/wp-json\/wp\/v2\/pages\/8831\/revisions\/9446"}],"wp:attachment":[{"href":"https:\/\/prowashrobotics.com\/ro\/wp-json\/wp\/v2\/media?parent=8831"}],"curies":[{"name":"wp","href":"https:\/\/api.w.org\/{rel}","templated":true}]}}