{"id":8785,"date":"2023-10-15T15:29:11","date_gmt":"2023-10-15T13:29:11","guid":{"rendered":"https:\/\/prowashrobotics.com\/faq-intrebari-frecvente\/"},"modified":"2025-11-13T13:15:16","modified_gmt":"2025-11-13T12:15:16","slug":"faq-intrebari-frecvente","status":"publish","type":"page","link":"https:\/\/prowashrobotics.com\/ro\/faq-intrebari-frecvente\/","title":{"rendered":"FAQ"},"content":{"rendered":"\t\t<div data-elementor-type=\"wp-page\" data-elementor-id=\"8785\" class=\"elementor elementor-8785 elementor-7019\" data-elementor-post-type=\"page\">\n\t\t\t\t\t\t\t\t\t<section class=\"elementor-section elementor-top-section elementor-element elementor-element-74462c8 elementor-section-full_width elementor-section-column-vertical-align-middle elementor-section-stretched elementor-section-gap-beside-yes elementor-section-height-default elementor-section-height-default\" data-id=\"74462c8\" data-element_type=\"section\" data-settings=\"{&quot;stretch_section&quot;:&quot;section-stretched&quot;,&quot;background_background&quot;:&quot;classic&quot;,&quot;background_motion_fx_motion_fx_scrolling&quot;:&quot;yes&quot;,&quot;background_motion_fx_translateY_effect&quot;:&quot;yes&quot;,&quot;background_motion_fx_translateY_speed&quot;:{&quot;unit&quot;:&quot;px&quot;,&quot;size&quot;:10,&quot;sizes&quot;:[]},&quot;background_motion_fx_translateY_affectedRange&quot;:{&quot;unit&quot;:&quot;%&quot;,&quot;size&quot;:&quot;&quot;,&quot;sizes&quot;:{&quot;start&quot;:0,&quot;end&quot;:100}},&quot;background_motion_fx_devices&quot;:[&quot;desktop&quot;,&quot;tablet&quot;,&quot;mobile&quot;]}\">\n\t\t\t\t\t\t\t<div class=\"elementor-background-overlay\"><\/div>\n\t\t\t\t\t\t\t<div class=\"elementor-container elementor-column-gap-extended\">\n\t\t\t\t\t<div class=\"elementor-column elementor-col-100 elementor-top-column elementor-element elementor-element-1abc335\" data-id=\"1abc335\" data-element_type=\"column\">\n\t\t\t<div class=\"elementor-widget-wrap elementor-element-populated\">\n\t\t\t\t\t\t\t\t<div class=\"elementor-element elementor-element-cfd25f1 elementor-widget elementor-widget-tm-heading\" data-id=\"cfd25f1\" data-element_type=\"widget\" data-widget_type=\"tm-heading.default\">\n\t\t\t\t<div class=\"elementor-widget-container\">\n\t\t\t\t\t<div class=\"tm-modern-heading\">\n\t\t\t\n\t\t\t\t\t<div class=\"heading-primary-wrap\">\n\t\t\t<h1 class=\"heading-primary elementor-heading-title\">\u00ceNTREB\u0102RI FRECVENTE<\/h1>\t\t<\/div>\n\t\t\n\t\t\t\n\t\t\t\t\t<\/div>\n\t\t\t\t<\/div>\n\t\t\t\t<\/div>\n\t\t\t\t\t<\/div>\n\t\t<\/div>\n\t\t\t\t\t\t\t<\/div>\n\t\t<\/section>\n\t\t\t\t<section class=\"elementor-section elementor-top-section elementor-element elementor-element-d30a19a elementor-reverse-tablet elementor-reverse-mobile elementor-section-boxed elementor-section-gap-beside-yes elementor-section-height-default elementor-section-height-default elementor-section-column-vertical-align-stretch\" data-id=\"d30a19a\" data-element_type=\"section\">\n\t\t\t\t\t\t<div class=\"elementor-container elementor-column-gap-extended\">\n\t\t\t\t\t<div class=\"elementor-column elementor-col-100 elementor-top-column elementor-element elementor-element-d277c41\" data-id=\"d277c41\" data-element_type=\"column\">\n\t\t\t<div class=\"elementor-widget-wrap elementor-element-populated\">\n\t\t\t\t\t\t\t\t<section class=\"elementor-section elementor-inner-section elementor-element elementor-element-64b73cc elementor-section-boxed elementor-section-gap-beside-yes elementor-section-height-default elementor-section-height-default elementor-section-column-vertical-align-stretch\" data-id=\"64b73cc\" data-element_type=\"section\">\n\t\t\t\t\t\t<div class=\"elementor-container elementor-column-gap-extended\">\n\t\t\t\t\t<div class=\"elementor-column elementor-col-50 elementor-inner-column elementor-element elementor-element-1e5d2d5 elementor-invisible\" data-id=\"1e5d2d5\" data-element_type=\"column\" data-settings=\"{&quot;animation&quot;:&quot;billyFadeInUp&quot;}\">\n\t\t\t<div class=\"elementor-widget-wrap elementor-element-populated\">\n\t\t\t\t\t\t\t\t<div class=\"elementor-element elementor-element-5c41dc4 elementor-widget elementor-widget-tm-heading\" data-id=\"5c41dc4\" data-element_type=\"widget\" data-widget_type=\"tm-heading.default\">\n\t\t\t\t<div class=\"elementor-widget-container\">\n\t\t\t\t\t<div class=\"tm-modern-heading\">\n\t\t\t\t\t<div class=\"heading-secondary-wrap\">\n\t\t\t<div class=\"heading-secondary elementor-heading-title\">FAQ<\/div>\t\t<\/div>\n\t\t\n\t\t\t\t\t<div class=\"heading-primary-wrap\">\n\t\t\t<h2 class=\"heading-primary elementor-heading-title\">V\u0103 rezolv\u0103m<br>\n\u00eendoielile<\/h2>\t\t<\/div>\n\t\t\n\t\t\t\n\t\t\t\t\t<\/div>\n\t\t\t\t<\/div>\n\t\t\t\t<\/div>\n\t\t\t\t\t<\/div>\n\t\t<\/div>\n\t\t\t\t<div class=\"elementor-column elementor-col-50 elementor-inner-column elementor-element elementor-element-0b9a549 elementor-invisible\" data-id=\"0b9a549\" data-element_type=\"column\" data-settings=\"{&quot;animation&quot;:&quot;billyFadeInUp&quot;}\">\n\t\t\t<div class=\"elementor-widget-wrap elementor-element-populated\">\n\t\t\t\t\t\t\t\t<div class=\"elementor-element elementor-element-e143075 billey-accordion-style-02 elementor-widget elementor-widget-tm-accordion\" data-id=\"e143075\" data-element_type=\"widget\" data-widget_type=\"tm-accordion.default\">\n\t\t\t\t<div class=\"elementor-widget-container\">\n\t\t\t\t\t<div class=\"billey-accordion\">\n\t\t\t\t\t\t\t<div class=\"accordion-section\">\n\t\t\t\t\t<div class=\"accordion-header\">\n\t\t\t\t\t\t\t\t\t\t\t\t<div class=\"accordion-title-wrapper\">\n\t\t\t\t\t\t\t<h3 class=\"accordion-title\">HidrobotPWR\u00ae necesit\u0103 o instala\u021bie electric\u0103 special\u0103?<\/h3>\t\t\t\t\t\t<\/div>\t\t\t\t\t\t\t\t\t\t\t\t\t<div class=\"accordion-icons\">\n\t\t\t\t\t\t\t\t<span\n\t\t\t\t\t\t\t\t\tclass=\"accordion-icon opened-icon\"><i class=\"fal fa-plus\"><\/i><\/span>\n\t\t\t\t\t\t\t\t<span\n\t\t\t\t\t\t\t\t\tclass=\"accordion-icon closed-icon\"><i class=\"fal fa-minus\"><\/i><\/span>\n\t\t\t\t\t\t\t<\/div>\n\t\t\t\t\t\t\t\t\t\t\t\t\t\t\t\t\t<\/div>\n\t\t\t\t\t<div class=\"accordion-content\">\n\t\t\t\t\t\t<p>Nu este nevoie de prize speciale deoarece <strong>Hidrobot<\/strong>PWR\u00ae func\u021bioneaz\u0103 cu prize de 220 vol\u021bi, iar \u00een unele \u021b\u0103ri 110 vol\u021bi.<\/p>\t\t\t\t\t<\/div>\n\t\t\t\t<\/div>\n\t\t\t\t\t\t\t<div class=\"accordion-section\">\n\t\t\t\t\t<div class=\"accordion-header\">\n\t\t\t\t\t\t\t\t\t\t\t\t<div class=\"accordion-title-wrapper\">\n\t\t\t\t\t\t\t<h3 class=\"accordion-title\">HidrobotPWR\u00ae func\u021bioneaz\u0103 cu ap\u0103 cald\u0103?<\/h3>\t\t\t\t\t\t<\/div>\t\t\t\t\t\t\t\t\t\t\t\t\t<div class=\"accordion-icons\">\n\t\t\t\t\t\t\t\t<span\n\t\t\t\t\t\t\t\t\tclass=\"accordion-icon opened-icon\"><i class=\"fal fa-plus\"><\/i><\/span>\n\t\t\t\t\t\t\t\t<span\n\t\t\t\t\t\t\t\t\tclass=\"accordion-icon closed-icon\"><i class=\"fal fa-minus\"><\/i><\/span>\n\t\t\t\t\t\t\t<\/div>\n\t\t\t\t\t\t\t\t\t\t\t\t\t\t\t\t\t<\/div>\n\t\t\t\t\t<div class=\"accordion-content\">\n\t\t\t\t\t\t<p>Da, temperatura apei poate ajunge p\u00e2n\u0103 la 90\u00b0C \u00een timpul procesului de cur\u0103\u021bare.<\/p>\t\t\t\t\t<\/div>\n\t\t\t\t<\/div>\n\t\t\t\t\t\t\t<div class=\"accordion-section\">\n\t\t\t\t\t<div class=\"accordion-header\">\n\t\t\t\t\t\t\t\t\t\t\t\t<div class=\"accordion-title-wrapper\">\n\t\t\t\t\t\t\t<h3 class=\"accordion-title\">Este necesar\u0103 instruirea pentru a folosi robotul?<\/h3>\t\t\t\t\t\t<\/div>\t\t\t\t\t\t\t\t\t\t\t\t\t<div class=\"accordion-icons\">\n\t\t\t\t\t\t\t\t<span\n\t\t\t\t\t\t\t\t\tclass=\"accordion-icon opened-icon\"><i class=\"fal fa-plus\"><\/i><\/span>\n\t\t\t\t\t\t\t\t<span\n\t\t\t\t\t\t\t\t\tclass=\"accordion-icon closed-icon\"><i class=\"fal fa-minus\"><\/i><\/span>\n\t\t\t\t\t\t\t<\/div>\n\t\t\t\t\t\t\t\t\t\t\t\t\t\t\t\t\t<\/div>\n\t\t\t\t\t<div class=\"accordion-content\">\n\t\t\t\t\t\t<p>Nu, configurarea acestuia pentru a efectua sarcini specifice de cur\u0103\u021bare este simpl\u0103, u\u0219oar\u0103 \u0219i intuitiv\u0103.<\/p>\t\t\t\t\t<\/div>\n\t\t\t\t<\/div>\n\t\t\t\t\t\t\t<div class=\"accordion-section\">\n\t\t\t\t\t<div class=\"accordion-header\">\n\t\t\t\t\t\t\t\t\t\t\t\t<div class=\"accordion-title-wrapper\">\n\t\t\t\t\t\t\t<h3 class=\"accordion-title\">HidrobotPWR\u00ae are programe de cur\u0103\u021bare diferite?<\/h3>\t\t\t\t\t\t<\/div>\t\t\t\t\t\t\t\t\t\t\t\t\t<div class=\"accordion-icons\">\n\t\t\t\t\t\t\t\t<span\n\t\t\t\t\t\t\t\t\tclass=\"accordion-icon opened-icon\"><i class=\"fal fa-plus\"><\/i><\/span>\n\t\t\t\t\t\t\t\t<span\n\t\t\t\t\t\t\t\t\tclass=\"accordion-icon closed-icon\"><i class=\"fal fa-minus\"><\/i><\/span>\n\t\t\t\t\t\t\t<\/div>\n\t\t\t\t\t\t\t\t\t\t\t\t\t\t\t\t\t<\/div>\n\t\t\t\t\t<div class=\"accordion-content\">\n\t\t\t\t\t\t<p>Da. Simpla desc\u0103rcare a aplica\u021biei <strong>Prowash Robotics<\/strong> pe dispozitivul dvs. mobil este suficiente pentru a personaliza programele de cur\u0103\u021bare.<\/p>\t\t\t\t\t<\/div>\n\t\t\t\t<\/div>\n\t\t\t\t\t\t\t<div class=\"accordion-section\">\n\t\t\t\t\t<div class=\"accordion-header\">\n\t\t\t\t\t\t\t\t\t\t\t\t<div class=\"accordion-title-wrapper\">\n\t\t\t\t\t\t\t<h3 class=\"accordion-title\">Pot s\u0103 fac singur \u00eentre\u021binerea HidrobotPWR\u00ae?<\/h3>\t\t\t\t\t\t<\/div>\t\t\t\t\t\t\t\t\t\t\t\t\t<div class=\"accordion-icons\">\n\t\t\t\t\t\t\t\t<span\n\t\t\t\t\t\t\t\t\tclass=\"accordion-icon opened-icon\"><i class=\"fal fa-plus\"><\/i><\/span>\n\t\t\t\t\t\t\t\t<span\n\t\t\t\t\t\t\t\t\tclass=\"accordion-icon closed-icon\"><i class=\"fal fa-minus\"><\/i><\/span>\n\t\t\t\t\t\t\t<\/div>\n\t\t\t\t\t\t\t\t\t\t\t\t\t\t\t\t\t<\/div>\n\t\t\t\t\t<div class=\"accordion-content\">\n\t\t\t\t\t\t<p>Da, manualul de instruc\u021biuni care vine cu robotul indic\u0103 cum \u0219i c\u00e2nd trebuie efectuat\u0103 \u00eentre\u021binerea.<\/p>\t\t\t\t\t<\/div>\n\t\t\t\t<\/div>\n\t\t\t\t\t\t\t<div class=\"accordion-section\">\n\t\t\t\t\t<div class=\"accordion-header\">\n\t\t\t\t\t\t\t\t\t\t\t\t<div class=\"accordion-title-wrapper\">\n\t\t\t\t\t\t\t<h3 class=\"accordion-title\">Care sunt avantajele HidrobotPWR\u00ae fa\u021b\u0103 de cur\u0103\u021barea manual\u0103?<\/h3>\t\t\t\t\t\t<\/div>\t\t\t\t\t\t\t\t\t\t\t\t\t<div class=\"accordion-icons\">\n\t\t\t\t\t\t\t\t<span\n\t\t\t\t\t\t\t\t\tclass=\"accordion-icon opened-icon\"><i class=\"fal fa-plus\"><\/i><\/span>\n\t\t\t\t\t\t\t\t<span\n\t\t\t\t\t\t\t\t\tclass=\"accordion-icon closed-icon\"><i class=\"fal fa-minus\"><\/i><\/span>\n\t\t\t\t\t\t\t<\/div>\n\t\t\t\t\t\t\t\t\t\t\t\t\t\t\t\t\t<\/div>\n\t\t\t\t\t<div class=\"accordion-content\">\n\t\t\t\t\t\t<p>Beneficiile sp\u0103l\u0103rii cu presiune cu <strong>Hydrobot<\/strong>PWR\u00ae sunt cu siguran\u021b\u0103 multe. Pentru a numi c\u00e2teva, cur\u0103\u021barea automatizata v\u0103 va oferi un mediu mai s\u0103n\u0103tos at\u00e2t pentru personal, c\u00e2t \u0219i pentru animale, prin optimizarea timpului, a resurselor umane \u0219i a consumului de ap\u0103.<\/p>\t\t\t\t\t<\/div>\n\t\t\t\t<\/div>\n\t\t\t\t\t<\/div>\n\t\t\t\t<\/div>\n\t\t\t\t<\/div>\n\t\t\t\t\t<\/div>\n\t\t<\/div>\n\t\t\t\t\t\t\t<\/div>\n\t\t<\/section>\n\t\t\t\t\t<\/div>\n\t\t<\/div>\n\t\t\t\t\t\t\t<\/div>\n\t\t<\/section>\n\t\t\t\t\t\t\t<\/div>\n\t\t","protected":false},"excerpt":{"rendered":"<p>\u00ceNTREB\u0102RI FRECVENTE FAQ V\u0103 rezolv\u0103m \u00eendoielile HidrobotPWR\u00ae necesit\u0103 o instala\u021bie electric\u0103 special\u0103? Nu este nevoie de prize speciale deoarece HidrobotPWR\u00ae func\u021bioneaz\u0103 cu prize de 220 vol\u021bi, iar \u00een unele \u021b\u0103ri 110 vol\u021bi. HidrobotPWR\u00ae func\u021bioneaz\u0103 cu ap\u0103 cald\u0103? Da, temperatura apei poate ajunge p\u00e2n\u0103 la 90\u00b0C \u00een timpul procesului de cur\u0103\u021bare. Este necesar\u0103 instruirea pentru a folosi robotul? Nu, configurarea acestuia pentru a efectua sarcini specifice de cur\u0103\u021bare este simpl\u0103, u\u0219oar\u0103 \u0219i intuitiv\u0103. HidrobotPWR\u00ae are programe de cur\u0103\u021bare diferite? Da. Simpla desc\u0103rcare a aplica\u021biei Prowash Robotics pe dispozitivul dvs. mobil este suficiente pentru a personaliza programele de cur\u0103\u021bare. Pot s\u0103 fac singur \u00eentre\u021binerea HidrobotPWR\u00ae? Da, manualul de instruc\u021biuni care vine cu robotul indic\u0103 cum \u0219i c\u00e2nd trebuie efectuat\u0103 \u00eentre\u021binerea. Care sunt avantajele HidrobotPWR\u00ae fa\u021b\u0103 de cur\u0103\u021barea manual\u0103? Beneficiile sp\u0103l\u0103rii cu presiune cu HydrobotPWR\u00ae sunt cu siguran\u021b\u0103 multe. Pentru a numi c\u00e2teva, cur\u0103\u021barea automatizata v\u0103 va oferi un mediu mai s\u0103n\u0103tos at\u00e2t pentru personal, c\u00e2t \u0219i pentru animale, prin optimizarea timpului, a resurselor umane \u0219i a consumului de ap\u0103.<\/p>\n","protected":false},"author":1,"featured_media":0,"parent":0,"menu_order":0,"comment_status":"closed","ping_status":"closed","template":"elementor_header_footer","meta":{"footnotes":""},"class_list":["post-8785","page","type-page","status-publish","hentry","post-no-thumbnail"],"_links":{"self":[{"href":"https:\/\/prowashrobotics.com\/ro\/wp-json\/wp\/v2\/pages\/8785","targetHints":{"allow":["GET"]}}],"collection":[{"href":"https:\/\/prowashrobotics.com\/ro\/wp-json\/wp\/v2\/pages"}],"about":[{"href":"https:\/\/prowashrobotics.com\/ro\/wp-json\/wp\/v2\/types\/page"}],"author":[{"embeddable":true,"href":"https:\/\/prowashrobotics.com\/ro\/wp-json\/wp\/v2\/users\/1"}],"replies":[{"embeddable":true,"href":"https:\/\/prowashrobotics.com\/ro\/wp-json\/wp\/v2\/comments?post=8785"}],"version-history":[{"count":10,"href":"https:\/\/prowashrobotics.com\/ro\/wp-json\/wp\/v2\/pages\/8785\/revisions"}],"predecessor-version":[{"id":9742,"href":"https:\/\/prowashrobotics.com\/ro\/wp-json\/wp\/v2\/pages\/8785\/revisions\/9742"}],"wp:attachment":[{"href":"https:\/\/prowashrobotics.com\/ro\/wp-json\/wp\/v2\/media?parent=8785"}],"curies":[{"name":"wp","href":"https:\/\/api.w.org\/{rel}","templated":true}]}}