{"id":8361,"date":"2023-10-15T13:06:48","date_gmt":"2023-10-15T11:06:48","guid":{"rendered":"https:\/\/prowashrobotics.com\/prowash-robotics\/"},"modified":"2025-03-12T17:47:56","modified_gmt":"2025-03-12T16:47:56","slug":"prowash-robotics-nossa-empresa","status":"publish","type":"page","link":"https:\/\/prowashrobotics.com\/pt-pt\/prowash-robotics-nossa-empresa\/","title":{"rendered":"Prowash Robotics"},"content":{"rendered":"\t\t<div data-elementor-type=\"wp-page\" data-elementor-id=\"8361\" class=\"elementor elementor-8361 elementor-6889\" data-elementor-post-type=\"page\">\n\t\t\t\t\t\t\t\t\t<section class=\"elementor-section elementor-top-section elementor-element elementor-element-74462c8 elementor-section-full_width elementor-section-column-vertical-align-middle elementor-section-stretched elementor-section-gap-beside-yes elementor-section-height-default elementor-section-height-default\" data-id=\"74462c8\" data-element_type=\"section\" data-settings=\"{&quot;stretch_section&quot;:&quot;section-stretched&quot;,&quot;background_background&quot;:&quot;classic&quot;,&quot;background_motion_fx_motion_fx_scrolling&quot;:&quot;yes&quot;,&quot;background_motion_fx_translateY_effect&quot;:&quot;yes&quot;,&quot;background_motion_fx_translateY_speed&quot;:{&quot;unit&quot;:&quot;px&quot;,&quot;size&quot;:10,&quot;sizes&quot;:[]},&quot;background_motion_fx_translateY_affectedRange&quot;:{&quot;unit&quot;:&quot;%&quot;,&quot;size&quot;:&quot;&quot;,&quot;sizes&quot;:{&quot;start&quot;:0,&quot;end&quot;:100}},&quot;background_motion_fx_devices&quot;:[&quot;desktop&quot;,&quot;tablet&quot;,&quot;mobile&quot;]}\">\n\t\t\t\t\t\t\t<div class=\"elementor-background-overlay\"><\/div>\n\t\t\t\t\t\t\t<div class=\"elementor-container elementor-column-gap-extended\">\n\t\t\t\t\t<div class=\"elementor-column elementor-col-100 elementor-top-column elementor-element elementor-element-1abc335\" data-id=\"1abc335\" data-element_type=\"column\">\n\t\t\t<div class=\"elementor-widget-wrap elementor-element-populated\">\n\t\t\t\t\t\t\t\t<div class=\"elementor-element elementor-element-cfd25f1 elementor-widget elementor-widget-tm-heading\" data-id=\"cfd25f1\" data-element_type=\"widget\" data-widget_type=\"tm-heading.default\">\n\t\t\t\t<div class=\"elementor-widget-container\">\n\t\t\t\t\t<div class=\"tm-modern-heading\">\n\t\t\t\n\t\t\t\t\t<div class=\"heading-primary-wrap\">\n\t\t\t<h1 class=\"heading-primary elementor-heading-title\">N\u00d3S<\/h1>\t\t<\/div>\n\t\t\n\t\t\t\n\t\t\t\t\t<\/div>\n\t\t\t\t<\/div>\n\t\t\t\t<\/div>\n\t\t\t\t\t<\/div>\n\t\t<\/div>\n\t\t\t\t\t\t\t<\/div>\n\t\t<\/section>\n\t\t\t\t<section class=\"elementor-section elementor-top-section elementor-element elementor-element-d30a19a elementor-reverse-tablet elementor-reverse-mobile elementor-section-boxed elementor-section-gap-beside-yes elementor-section-height-default elementor-section-height-default elementor-section-column-vertical-align-stretch\" data-id=\"d30a19a\" data-element_type=\"section\">\n\t\t\t\t\t\t<div class=\"elementor-container elementor-column-gap-extended\">\n\t\t\t\t\t<div class=\"elementor-column elementor-col-100 elementor-top-column elementor-element elementor-element-d277c41\" data-id=\"d277c41\" data-element_type=\"column\">\n\t\t\t<div class=\"elementor-widget-wrap elementor-element-populated\">\n\t\t\t\t\t\t\t\t<section class=\"elementor-section elementor-inner-section elementor-element elementor-element-64b73cc elementor-section-boxed elementor-section-gap-beside-yes elementor-section-height-default elementor-section-height-default elementor-section-column-vertical-align-stretch\" data-id=\"64b73cc\" data-element_type=\"section\">\n\t\t\t\t\t\t<div class=\"elementor-container elementor-column-gap-extended\">\n\t\t\t\t\t<div class=\"elementor-column elementor-col-50 elementor-inner-column elementor-element elementor-element-1e5d2d5 elementor-invisible\" data-id=\"1e5d2d5\" data-element_type=\"column\" data-settings=\"{&quot;animation&quot;:&quot;billyFadeInUp&quot;}\">\n\t\t\t<div class=\"elementor-widget-wrap elementor-element-populated\">\n\t\t\t\t\t\t\t\t<div class=\"elementor-element elementor-element-5c41dc4 elementor-widget elementor-widget-tm-heading\" data-id=\"5c41dc4\" data-element_type=\"widget\" data-widget_type=\"tm-heading.default\">\n\t\t\t\t<div class=\"elementor-widget-container\">\n\t\t\t\t\t<div class=\"tm-modern-heading\">\n\t\t\t\t\t<div class=\"heading-secondary-wrap\">\n\t\t\t<div class=\"heading-secondary elementor-heading-title\">PROWASH ROBOTICS<\/div>\t\t<\/div>\n\t\t\n\t\t\t\t\t<div class=\"heading-primary-wrap\">\n\t\t\t<h2 class=\"heading-primary elementor-heading-title\">Criando futuro<\/h2>\t\t<\/div>\n\t\t\n\t\t\t\n\t\t\t\t\t<\/div>\n\t\t\t\t<\/div>\n\t\t\t\t<\/div>\n\t\t\t\t\t<\/div>\n\t\t<\/div>\n\t\t\t\t<div class=\"elementor-column elementor-col-50 elementor-inner-column elementor-element elementor-element-0b9a549 elementor-invisible\" data-id=\"0b9a549\" data-element_type=\"column\" data-settings=\"{&quot;animation&quot;:&quot;billyFadeInUp&quot;}\">\n\t\t\t<div class=\"elementor-widget-wrap elementor-element-populated\">\n\t\t\t\t\t\t\t\t<div class=\"elementor-element elementor-element-b251d1c elementor-widget elementor-widget-text-editor\" data-id=\"b251d1c\" data-element_type=\"widget\" data-widget_type=\"text-editor.default\">\n\t\t\t\t<div class=\"elementor-widget-container\">\n\t\t\t<style>\/*! elementor - v3.16.0 - 20-09-2023 *\/\n.elementor-widget-text-editor.elementor-drop-cap-view-stacked .elementor-drop-cap{background-color:#69727d;color:#fff}.elementor-widget-text-editor.elementor-drop-cap-view-framed .elementor-drop-cap{color:#69727d;border:3px solid;background-color:transparent}.elementor-widget-text-editor:not(.elementor-drop-cap-view-default) .elementor-drop-cap{margin-top:8px}.elementor-widget-text-editor:not(.elementor-drop-cap-view-default) .elementor-drop-cap-letter{width:1em;height:1em}.elementor-widget-text-editor .elementor-drop-cap{float:left;text-align:center;line-height:1;font-size:50px}.elementor-widget-text-editor .elementor-drop-cap-letter{display:inline-block}<\/style>\t\t\t\t<p><b>Prowash Robotics<\/b> nasce com a miss\u00e3o de conseguir a excel\u00eancia em limpeza de suiniculturas, mediante solu\u00e7\u00f5es robotizadas.<\/p>\n<p>O desenvolvimento da empresa est\u00e1 sempre centrado na m\u00e1xima inova\u00e7\u00e3o tecnol\u00f3gica. Consequentemente e gra\u00e7as ao esfor\u00e7o profissional de investiga\u00e7\u00e3o e desenvolvimento por parte da nossa equipa de profissionais, podemos avan\u00e7ar ao futuro, apresentando o <b>Hidrobot<\/b>PWR<b>\u00ae<\/b>, um dos rob\u00f4s de limpeza a press\u00e3o mais avan\u00e7ados do mercado.<\/p>\n\t\t\t\t\t\t<\/div>\n\t\t\t\t<\/div>\n\t\t\t\t\t<\/div>\n\t\t<\/div>\n\t\t\t\t\t\t\t<\/div>\n\t\t<\/section>\n\t\t\t\t\t<\/div>\n\t\t<\/div>\n\t\t\t\t\t\t\t<\/div>\n\t\t<\/section>\n\t\t<div class=\"elementor-element elementor-element-d40350e e-con-full e-flex e-con e-parent\" data-id=\"d40350e\" data-element_type=\"container\" data-settings=\"{&quot;content_width&quot;:&quot;full&quot;}\" data-core-v316-plus=\"true\">\n\t\t<div class=\"elementor-element elementor-element-f17b54d e-con-full e-flex e-con e-child\" data-id=\"f17b54d\" data-element_type=\"container\" data-settings=\"{&quot;content_width&quot;:&quot;full&quot;,&quot;background_background&quot;:&quot;classic&quot;}\">\n\t\t\t\t<\/div>\n\t\t<div class=\"elementor-element elementor-element-18cb0c7 e-con-full e-flex e-con e-child\" data-id=\"18cb0c7\" data-element_type=\"container\" data-settings=\"{&quot;content_width&quot;:&quot;full&quot;,&quot;background_background&quot;:&quot;classic&quot;,&quot;background_motion_fx_motion_fx_scrolling&quot;:&quot;yes&quot;,&quot;background_motion_fx_translateX_effect&quot;:&quot;yes&quot;,&quot;background_motion_fx_translateX_direction&quot;:&quot;negative&quot;,&quot;background_motion_fx_translateX_speed&quot;:{&quot;unit&quot;:&quot;px&quot;,&quot;size&quot;:4,&quot;sizes&quot;:[]},&quot;background_motion_fx_translateX_affectedRange&quot;:{&quot;unit&quot;:&quot;%&quot;,&quot;size&quot;:&quot;&quot;,&quot;sizes&quot;:{&quot;start&quot;:0,&quot;end&quot;:100}},&quot;background_motion_fx_devices&quot;:[&quot;desktop&quot;,&quot;tablet&quot;,&quot;mobile&quot;]}\">\n\t\t\t\t<div class=\"elementor-element elementor-element-6da7da9 elementor-widget elementor-widget-tm-heading\" data-id=\"6da7da9\" data-element_type=\"widget\" data-widget_type=\"tm-heading.default\">\n\t\t\t\t<div class=\"elementor-widget-container\">\n\t\t\t\t\t<div class=\"tm-modern-heading\">\n\t\t\t\n\t\t\t\t\t<div class=\"heading-primary-wrap\">\n\t\t\t<h2 class=\"heading-primary elementor-heading-title\">Compromisso com o meio-ambiente<\/h2>\t\t<\/div>\n\t\t\n\t\t\t\n\t\t\t\t\t<\/div>\n\t\t\t\t<\/div>\n\t\t\t\t<\/div>\n\t\t\t\t<div class=\"elementor-element elementor-element-36e5d0e elementor-widget__width-initial elementor-widget elementor-widget-text-editor\" data-id=\"36e5d0e\" data-element_type=\"widget\" data-widget_type=\"text-editor.default\">\n\t\t\t\t<div class=\"elementor-widget-container\">\n\t\t\t\t\t\t\t<p><b>Prowash Robotics<\/b> aposta em minimizar o impacto ambiental, gerando produtos respons\u00e1veis com o consumo de \u00e1gua, eficientes e com baixo consumo energ\u00e9tico.<\/p>\n<p>O exemplo mais claro da nossa responsabilidade ambiental \u00e9 o <b>Hidrobot<\/b>PWR\u00ae, que n\u00e3o consome \u00e1gua enquanto se desloca ou se posiciona no interior do curral, apenas no momento da limpeza, minimizando assim o consumo de \u00e1gua.<\/p>\n\t\t\t\t\t\t<\/div>\n\t\t\t\t<\/div>\n\t\t\t\t<\/div>\n\t\t\t\t<\/div>\n\t\t\t\t<section class=\"elementor-section elementor-top-section elementor-element elementor-element-5771598 elementor-reverse-tablet elementor-reverse-mobile elementor-section-boxed elementor-section-gap-beside-yes elementor-section-height-default elementor-section-height-default elementor-section-column-vertical-align-stretch\" data-id=\"5771598\" data-element_type=\"section\">\n\t\t\t\t\t\t<div class=\"elementor-container elementor-column-gap-extended\">\n\t\t\t\t\t<div class=\"elementor-column elementor-col-100 elementor-top-column elementor-element elementor-element-85b679d\" data-id=\"85b679d\" data-element_type=\"column\">\n\t\t\t<div class=\"elementor-widget-wrap elementor-element-populated\">\n\t\t\t\t\t\t\t\t<section class=\"elementor-section elementor-inner-section elementor-element elementor-element-22bb8fe elementor-section-boxed elementor-section-gap-beside-yes elementor-section-height-default elementor-section-height-default elementor-section-column-vertical-align-stretch\" data-id=\"22bb8fe\" data-element_type=\"section\">\n\t\t\t\t\t\t<div class=\"elementor-container elementor-column-gap-extended\">\n\t\t\t\t\t<div class=\"elementor-column elementor-col-50 elementor-inner-column elementor-element elementor-element-21c2830 elementor-invisible\" data-id=\"21c2830\" data-element_type=\"column\" data-settings=\"{&quot;animation&quot;:&quot;billyFadeInUp&quot;}\">\n\t\t\t<div class=\"elementor-widget-wrap elementor-element-populated\">\n\t\t\t\t\t\t\t\t<div class=\"elementor-element elementor-element-88a4ab1 elementor-widget elementor-widget-tm-heading\" data-id=\"88a4ab1\" data-element_type=\"widget\" data-widget_type=\"tm-heading.default\">\n\t\t\t\t<div class=\"elementor-widget-container\">\n\t\t\t\t\t<div class=\"tm-modern-heading\">\n\t\t\t\t\t<div class=\"heading-secondary-wrap\">\n\t\t\t<div class=\"heading-secondary elementor-heading-title\">da lavagem a press\u00e3o com \no HidrobotPWR\u00ae<\/div>\t\t<\/div>\n\t\t\n\t\t\t\t\t<div class=\"heading-primary-wrap\">\n\t\t\t<h2 class=\"heading-primary elementor-heading-title\">Os 5 benef\u00edcios<\/h2>\t\t<\/div>\n\t\t\n\t\t\t\n\t\t\t\t\t<\/div>\n\t\t\t\t<\/div>\n\t\t\t\t<\/div>\n\t\t\t\t\t<\/div>\n\t\t<\/div>\n\t\t\t\t<div class=\"elementor-column elementor-col-50 elementor-inner-column elementor-element elementor-element-457b4bd elementor-invisible\" data-id=\"457b4bd\" data-element_type=\"column\" data-settings=\"{&quot;animation&quot;:&quot;billyFadeInUp&quot;}\">\n\t\t\t<div class=\"elementor-widget-wrap elementor-element-populated\">\n\t\t\t\t\t\t<div class=\"elementor-element elementor-element-786d203 e-flex e-con-boxed e-con e-parent\" data-id=\"786d203\" data-element_type=\"container\" data-settings=\"{&quot;content_width&quot;:&quot;boxed&quot;}\" data-core-v316-plus=\"true\">\n\t\t\t\t\t<div class=\"e-con-inner\">\n\t\t\t\t<div class=\"elementor-element elementor-element-55bc4dc elementor-widget__width-initial elementor-widget elementor-widget-image\" data-id=\"55bc4dc\" data-element_type=\"widget\" data-widget_type=\"image.default\">\n\t\t\t\t<div class=\"elementor-widget-container\">\n\t\t\t<style>\/*! elementor - v3.16.0 - 20-09-2023 *\/\n.elementor-widget-image{text-align:center}.elementor-widget-image a{display:inline-block}.elementor-widget-image a img[src$=\".svg\"]{width:48px}.elementor-widget-image img{vertical-align:middle;display:inline-block}<\/style>\t\t\t\t\t\t\t\t\t\t\t\t<img loading=\"lazy\" decoding=\"async\" width=\"47\" height=\"46\" src=\"https:\/\/prowashrobotics.com\/wp-content\/uploads\/2025\/03\/ico-1.svg\" class=\"attachment-large size-large wp-image-9405\" alt=\"\" \/>\t\t\t\t\t\t\t\t\t\t\t\t\t\t\t<\/div>\n\t\t\t\t<\/div>\n\t\t\t\t<div class=\"elementor-element elementor-element-6c1cb4b elementor-vertical-align-top elementor-widget elementor-widget-icon-box\" data-id=\"6c1cb4b\" data-element_type=\"widget\" data-widget_type=\"icon-box.default\">\n\t\t\t\t<div class=\"elementor-widget-container\">\n\t\t\t<link rel=\"stylesheet\" href=\"https:\/\/prowashrobotics.com\/wp-content\/plugins\/elementor\/assets\/css\/widget-icon-box.min.css\">\t\t<div class=\"elementor-icon-box-wrapper\">\n\t\t\t\t\t\t<div class=\"elementor-icon-box-content\">\n\t\t\t\t<h3 class=\"elementor-icon-box-title\">\n\t\t\t\t\t<span  >\n\t\t\t\t\t\tAmbiente mais saud\u00e1vel\t\t\t\t\t<\/span>\n\t\t\t\t<\/h3>\n\t\t\t\t\t\t\t\t\t<p class=\"elementor-icon-box-description\">\n\t\t\t\t\t\tA automatiza\u00e7\u00e3o do processo de lavagem significa uma melhoria para o bem-estar dos trabalhadores, j\u00e1 que facilita o trabalho manual mais pesado, minimizando os poss\u00edveis problemas de sa\u00fade derivados dos processos pr\u00f3prios de limpeza da granja (inala\u00e7\u00e3o de amon\u00edaco, trabalho pesado\u2026).\t\t\t\t\t<\/p>\n\t\t\t\t\t\t\t<\/div>\n\t\t<\/div>\n\t\t\t\t<\/div>\n\t\t\t\t<\/div>\n\t\t\t\t\t<\/div>\n\t\t\t\t<\/div>\n\t\t<div class=\"elementor-element elementor-element-bb79388 e-flex e-con-boxed e-con e-parent\" data-id=\"bb79388\" data-element_type=\"container\" data-settings=\"{&quot;content_width&quot;:&quot;boxed&quot;}\" data-core-v316-plus=\"true\">\n\t\t\t\t\t<div class=\"e-con-inner\">\n\t\t\t\t<div class=\"elementor-element elementor-element-42bdb3c elementor-widget__width-initial elementor-widget elementor-widget-image\" data-id=\"42bdb3c\" data-element_type=\"widget\" data-widget_type=\"image.default\">\n\t\t\t\t<div class=\"elementor-widget-container\">\n\t\t\t\t\t\t\t\t\t\t\t\t\t\t\t<img loading=\"lazy\" decoding=\"async\" width=\"47\" height=\"46\" src=\"https:\/\/prowashrobotics.com\/wp-content\/uploads\/2025\/03\/ico-2.svg\" class=\"attachment-large size-large wp-image-9410\" alt=\"\" \/>\t\t\t\t\t\t\t\t\t\t\t\t\t\t\t<\/div>\n\t\t\t\t<\/div>\n\t\t\t\t<div class=\"elementor-element elementor-element-cd91a86 elementor-vertical-align-top elementor-widget elementor-widget-icon-box\" data-id=\"cd91a86\" data-element_type=\"widget\" data-widget_type=\"icon-box.default\">\n\t\t\t\t<div class=\"elementor-widget-container\">\n\t\t\t\t\t<div class=\"elementor-icon-box-wrapper\">\n\t\t\t\t\t\t<div class=\"elementor-icon-box-content\">\n\t\t\t\t<h3 class=\"elementor-icon-box-title\">\n\t\t\t\t\t<span  >\n\t\t\t\t\t\tAgilidade na gest\u00e3o\t\t\t\t\t<\/span>\n\t\t\t\t<\/h3>\n\t\t\t\t\t\t\t\t\t<p class=\"elementor-icon-box-description\">\n\t\t\t\t\t\tO <strong>Hidrobot<\/strong>PWR\u00ae \u00e9 muito vers\u00e1til e adapt\u00e1vel \u00e0s configura\u00e7\u00f5es e necessidades de cada suinicultura, inclusive de adapta aos tubos de queda de alimenta\u00e7\u00e3o. E para coloc\u00e1-lo em funcionamento \u00e9 muito simples f\u00e1cil e intuitivo.\t\t\t\t\t<\/p>\n\t\t\t\t\t\t\t<\/div>\n\t\t<\/div>\n\t\t\t\t<\/div>\n\t\t\t\t<\/div>\n\t\t\t\t\t<\/div>\n\t\t\t\t<\/div>\n\t\t<div class=\"elementor-element elementor-element-b2d3a4a e-flex e-con-boxed e-con e-parent\" data-id=\"b2d3a4a\" data-element_type=\"container\" data-settings=\"{&quot;content_width&quot;:&quot;boxed&quot;}\" data-core-v316-plus=\"true\">\n\t\t\t\t\t<div class=\"e-con-inner\">\n\t\t\t\t<div class=\"elementor-element elementor-element-5964255 elementor-widget__width-initial elementor-widget elementor-widget-image\" data-id=\"5964255\" data-element_type=\"widget\" data-widget_type=\"image.default\">\n\t\t\t\t<div class=\"elementor-widget-container\">\n\t\t\t\t\t\t\t\t\t\t\t\t\t\t\t<img loading=\"lazy\" decoding=\"async\" width=\"47\" height=\"46\" src=\"https:\/\/prowashrobotics.com\/wp-content\/uploads\/2025\/03\/ico-3.svg\" class=\"attachment-large size-large wp-image-9415\" alt=\"\" \/>\t\t\t\t\t\t\t\t\t\t\t\t\t\t\t<\/div>\n\t\t\t\t<\/div>\n\t\t\t\t<div class=\"elementor-element elementor-element-08235b1 elementor-vertical-align-top elementor-widget elementor-widget-icon-box\" data-id=\"08235b1\" data-element_type=\"widget\" data-widget_type=\"icon-box.default\">\n\t\t\t\t<div class=\"elementor-widget-container\">\n\t\t\t\t\t<div class=\"elementor-icon-box-wrapper\">\n\t\t\t\t\t\t<div class=\"elementor-icon-box-content\">\n\t\t\t\t<h3 class=\"elementor-icon-box-title\">\n\t\t\t\t\t<span  >\n\t\t\t\t\t\tEconomia e poupan\u00e7a de \u00e1gua\t\t\t\t\t<\/span>\n\t\t\t\t<\/h3>\n\t\t\t\t\t\t\t\t\t<p class=\"elementor-icon-box-description\">\n\t\t\t\t\t\tAgora com o <strong>Hidrobot<\/strong>PWR\u00ae, a limpeza da sua suinicultura ser\u00e1 um trabalho mecanizado muito mais \u00e1gil e r\u00e1pido, otimizando o tempo e os recursos humanos. O resultado: diminui o tempo de lavagem, aumenta a efici\u00eancia dos trabalhadores e reduz o consumo de \u00e1gua.\t\t\t\t\t<\/p>\n\t\t\t\t\t\t\t<\/div>\n\t\t<\/div>\n\t\t\t\t<\/div>\n\t\t\t\t<\/div>\n\t\t\t\t\t<\/div>\n\t\t\t\t<\/div>\n\t\t<div class=\"elementor-element elementor-element-bb803ff e-flex e-con-boxed e-con e-parent\" data-id=\"bb803ff\" data-element_type=\"container\" data-settings=\"{&quot;content_width&quot;:&quot;boxed&quot;}\" data-core-v316-plus=\"true\">\n\t\t\t\t\t<div class=\"e-con-inner\">\n\t\t\t\t<div class=\"elementor-element elementor-element-b584288 elementor-widget__width-initial elementor-widget elementor-widget-image\" data-id=\"b584288\" data-element_type=\"widget\" data-widget_type=\"image.default\">\n\t\t\t\t<div class=\"elementor-widget-container\">\n\t\t\t\t\t\t\t\t\t\t\t\t\t\t\t<img loading=\"lazy\" decoding=\"async\" width=\"47\" height=\"46\" src=\"https:\/\/prowashrobotics.com\/wp-content\/uploads\/2025\/03\/ico-4.svg\" class=\"attachment-large size-large wp-image-9420\" alt=\"\" \/>\t\t\t\t\t\t\t\t\t\t\t\t\t\t\t<\/div>\n\t\t\t\t<\/div>\n\t\t\t\t<div class=\"elementor-element elementor-element-e81e991 elementor-vertical-align-top elementor-widget elementor-widget-icon-box\" data-id=\"e81e991\" data-element_type=\"widget\" data-widget_type=\"icon-box.default\">\n\t\t\t\t<div class=\"elementor-widget-container\">\n\t\t\t\t\t<div class=\"elementor-icon-box-wrapper\">\n\t\t\t\t\t\t<div class=\"elementor-icon-box-content\">\n\t\t\t\t<h3 class=\"elementor-icon-box-title\">\n\t\t\t\t\t<span  >\n\t\t\t\t\t\tMelhora o controle animal\t\t\t\t\t<\/span>\n\t\t\t\t<\/h3>\n\t\t\t\t\t\t\t\t\t<p class=\"elementor-icon-box-description\">\n\t\t\t\t\t\tA economia de tempo dos trabalhadores permite que os mesmos possam focar mais tempo e recursos ao controle dos animais. O <strong>Hidrobot<\/strong>PWR\u00ae ajudar\u00e1 a tornar o trabalho melhor e mais eficiente.\t\t\t\t\t<\/p>\n\t\t\t\t\t\t\t<\/div>\n\t\t<\/div>\n\t\t\t\t<\/div>\n\t\t\t\t<\/div>\n\t\t\t\t\t<\/div>\n\t\t\t\t<\/div>\n\t\t<div class=\"elementor-element elementor-element-acaa043 e-flex e-con-boxed e-con e-parent\" data-id=\"acaa043\" data-element_type=\"container\" data-settings=\"{&quot;content_width&quot;:&quot;boxed&quot;}\" data-core-v316-plus=\"true\">\n\t\t\t\t\t<div class=\"e-con-inner\">\n\t\t\t\t<div class=\"elementor-element elementor-element-9f20d61 elementor-widget__width-initial elementor-widget elementor-widget-image\" data-id=\"9f20d61\" data-element_type=\"widget\" data-widget_type=\"image.default\">\n\t\t\t\t<div class=\"elementor-widget-container\">\n\t\t\t\t\t\t\t\t\t\t\t\t\t\t\t<img loading=\"lazy\" decoding=\"async\" width=\"47\" height=\"46\" src=\"https:\/\/prowashrobotics.com\/wp-content\/uploads\/2025\/03\/ico-5.svg\" class=\"attachment-large size-large wp-image-9425\" alt=\"\" \/>\t\t\t\t\t\t\t\t\t\t\t\t\t\t\t<\/div>\n\t\t\t\t<\/div>\n\t\t\t\t<div class=\"elementor-element elementor-element-0b3fb87 elementor-vertical-align-top elementor-widget elementor-widget-icon-box\" data-id=\"0b3fb87\" data-element_type=\"widget\" data-widget_type=\"icon-box.default\">\n\t\t\t\t<div class=\"elementor-widget-container\">\n\t\t\t\t\t<div class=\"elementor-icon-box-wrapper\">\n\t\t\t\t\t\t<div class=\"elementor-icon-box-content\">\n\t\t\t\t<h3 class=\"elementor-icon-box-title\">\n\t\t\t\t\t<span  >\n\t\t\t\t\t\tAgilidade na gest\u00e3o\t\t\t\t\t<\/span>\n\t\t\t\t<\/h3>\n\t\t\t\t\t\t\t\t\t<p class=\"elementor-icon-box-description\">\n\t\t\t\t\t\tO <strong>Hidrobot<\/strong>PWR\u00ae \u00e9 muito vers\u00e1til e adapt\u00e1vel \u00e0s configura\u00e7\u00f5es e necessidades de cada suinicultura, inclusive de adapta aos tubos de queda de alimenta\u00e7\u00e3o. E para coloc\u00e1-lo em funcionamento \u00e9 muito simples f\u00e1cil e intuitivo.\t\t\t\t\t<\/p>\n\t\t\t\t\t\t\t<\/div>\n\t\t<\/div>\n\t\t\t\t<\/div>\n\t\t\t\t<\/div>\n\t\t\t\t\t<\/div>\n\t\t\t\t<\/div>\n\t\t\t\t\t<\/div>\n\t\t<\/div>\n\t\t\t\t\t\t\t<\/div>\n\t\t<\/section>\n\t\t\t\t\t<\/div>\n\t\t<\/div>\n\t\t\t\t\t\t\t<\/div>\n\t\t<\/section>\n\t\t\t\t\t\t\t<\/div>\n\t\t","protected":false},"excerpt":{"rendered":"<p>N\u00d3S PROWASH ROBOTICS Criando futuro Prowash Robotics nasce com a miss\u00e3o de conseguir a excel\u00eancia em limpeza de suiniculturas, mediante solu\u00e7\u00f5es robotizadas. O desenvolvimento da empresa est\u00e1 sempre centrado na m\u00e1xima inova\u00e7\u00e3o tecnol\u00f3gica. Consequentemente e gra\u00e7as ao esfor\u00e7o profissional de investiga\u00e7\u00e3o e desenvolvimento por parte da nossa equipa de profissionais, podemos avan\u00e7ar ao futuro, apresentando o HidrobotPWR\u00ae, um dos rob\u00f4s de limpeza a press\u00e3o mais avan\u00e7ados do mercado. Compromisso com o meio-ambiente Prowash Robotics aposta em minimizar o impacto ambiental, gerando produtos respons\u00e1veis com o consumo de \u00e1gua, eficientes e com baixo consumo energ\u00e9tico. O exemplo mais claro da nossa responsabilidade ambiental \u00e9 o HidrobotPWR\u00ae, que n\u00e3o consome \u00e1gua enquanto se desloca ou se posiciona no interior do curral, apenas no momento da limpeza, minimizando assim o consumo de \u00e1gua. da lavagem a press\u00e3o com o HidrobotPWR\u00ae Os 5 benef\u00edcios Ambiente mais saud\u00e1vel A automatiza\u00e7\u00e3o do processo de lavagem significa uma melhoria para o bem-estar dos trabalhadores, j\u00e1 que facilita o trabalho manual mais pesado, minimizando os poss\u00edveis problemas de sa\u00fade derivados dos processos pr\u00f3prios de limpeza da granja (inala\u00e7\u00e3o de amon\u00edaco, trabalho pesado\u2026). Agilidade na gest\u00e3o O HidrobotPWR\u00ae \u00e9 muito vers\u00e1til e adapt\u00e1vel \u00e0s configura\u00e7\u00f5es e necessidades de cada suinicultura, inclusive de adapta aos tubos de queda de alimenta\u00e7\u00e3o. E para coloc\u00e1-lo em funcionamento \u00e9 muito simples f\u00e1cil e intuitivo. Economia e poupan\u00e7a de \u00e1gua Agora com o HidrobotPWR\u00ae, a limpeza da sua suinicultura ser\u00e1 um trabalho mecanizado muito mais \u00e1gil e r\u00e1pido, otimizando o tempo e os recursos humanos. O resultado: diminui o tempo de lavagem, aumenta a efici\u00eancia dos trabalhadores e reduz o consumo de \u00e1gua. Melhora o controle animal A economia de tempo dos trabalhadores permite que os mesmos possam focar mais tempo e recursos ao controle dos animais. O HidrobotPWR\u00ae ajudar\u00e1 a tornar o trabalho melhor e mais eficiente. Agilidade na gest\u00e3o O HidrobotPWR\u00ae \u00e9 muito vers\u00e1til e adapt\u00e1vel \u00e0s configura\u00e7\u00f5es e necessidades de cada suinicultura, inclusive de adapta aos tubos de queda de alimenta\u00e7\u00e3o. E para coloc\u00e1-lo em funcionamento \u00e9 muito simples f\u00e1cil e intuitivo.<\/p>\n","protected":false},"author":1,"featured_media":0,"parent":0,"menu_order":0,"comment_status":"closed","ping_status":"closed","template":"elementor_header_footer","meta":{"footnotes":""},"class_list":["post-8361","page","type-page","status-publish","hentry","post-no-thumbnail"],"_links":{"self":[{"href":"https:\/\/prowashrobotics.com\/pt-pt\/wp-json\/wp\/v2\/pages\/8361","targetHints":{"allow":["GET"]}}],"collection":[{"href":"https:\/\/prowashrobotics.com\/pt-pt\/wp-json\/wp\/v2\/pages"}],"about":[{"href":"https:\/\/prowashrobotics.com\/pt-pt\/wp-json\/wp\/v2\/types\/page"}],"author":[{"embeddable":true,"href":"https:\/\/prowashrobotics.com\/pt-pt\/wp-json\/wp\/v2\/users\/1"}],"replies":[{"embeddable":true,"href":"https:\/\/prowashrobotics.com\/pt-pt\/wp-json\/wp\/v2\/comments?post=8361"}],"version-history":[{"count":13,"href":"https:\/\/prowashrobotics.com\/pt-pt\/wp-json\/wp\/v2\/pages\/8361\/revisions"}],"predecessor-version":[{"id":9443,"href":"https:\/\/prowashrobotics.com\/pt-pt\/wp-json\/wp\/v2\/pages\/8361\/revisions\/9443"}],"wp:attachment":[{"href":"https:\/\/prowashrobotics.com\/pt-pt\/wp-json\/wp\/v2\/media?parent=8361"}],"curies":[{"name":"wp","href":"https:\/\/api.w.org\/{rel}","templated":true}]}}