{"id":8336,"date":"2023-10-15T15:29:11","date_gmt":"2023-10-15T13:29:11","guid":{"rendered":"https:\/\/prowashrobotics.com\/faq-perguntas-frequentes\/"},"modified":"2025-11-13T13:14:53","modified_gmt":"2025-11-13T12:14:53","slug":"faq-perguntas-frequentes","status":"publish","type":"page","link":"https:\/\/prowashrobotics.com\/pt-pt\/faq-perguntas-frequentes\/","title":{"rendered":"FAQ"},"content":{"rendered":"\t\t<div data-elementor-type=\"wp-page\" data-elementor-id=\"8336\" class=\"elementor elementor-8336 elementor-7019\" data-elementor-post-type=\"page\">\n\t\t\t\t\t\t\t\t\t<section class=\"elementor-section elementor-top-section elementor-element elementor-element-74462c8 elementor-section-full_width elementor-section-column-vertical-align-middle elementor-section-stretched elementor-section-gap-beside-yes elementor-section-height-default elementor-section-height-default\" data-id=\"74462c8\" data-element_type=\"section\" data-settings=\"{&quot;stretch_section&quot;:&quot;section-stretched&quot;,&quot;background_background&quot;:&quot;classic&quot;,&quot;background_motion_fx_motion_fx_scrolling&quot;:&quot;yes&quot;,&quot;background_motion_fx_translateY_effect&quot;:&quot;yes&quot;,&quot;background_motion_fx_translateY_speed&quot;:{&quot;unit&quot;:&quot;px&quot;,&quot;size&quot;:10,&quot;sizes&quot;:[]},&quot;background_motion_fx_translateY_affectedRange&quot;:{&quot;unit&quot;:&quot;%&quot;,&quot;size&quot;:&quot;&quot;,&quot;sizes&quot;:{&quot;start&quot;:0,&quot;end&quot;:100}},&quot;background_motion_fx_devices&quot;:[&quot;desktop&quot;,&quot;tablet&quot;,&quot;mobile&quot;]}\">\n\t\t\t\t\t\t\t<div class=\"elementor-background-overlay\"><\/div>\n\t\t\t\t\t\t\t<div class=\"elementor-container elementor-column-gap-extended\">\n\t\t\t\t\t<div class=\"elementor-column elementor-col-100 elementor-top-column elementor-element elementor-element-1abc335\" data-id=\"1abc335\" data-element_type=\"column\">\n\t\t\t<div class=\"elementor-widget-wrap elementor-element-populated\">\n\t\t\t\t\t\t\t\t<div class=\"elementor-element elementor-element-cfd25f1 elementor-widget elementor-widget-tm-heading\" data-id=\"cfd25f1\" data-element_type=\"widget\" data-widget_type=\"tm-heading.default\">\n\t\t\t\t<div class=\"elementor-widget-container\">\n\t\t\t\t\t<div class=\"tm-modern-heading\">\n\t\t\t\n\t\t\t\t\t<div class=\"heading-primary-wrap\">\n\t\t\t<h1 class=\"heading-primary elementor-heading-title\">Perguntas Frequentes<\/h1>\t\t<\/div>\n\t\t\n\t\t\t\n\t\t\t\t\t<\/div>\n\t\t\t\t<\/div>\n\t\t\t\t<\/div>\n\t\t\t\t\t<\/div>\n\t\t<\/div>\n\t\t\t\t\t\t\t<\/div>\n\t\t<\/section>\n\t\t\t\t<section class=\"elementor-section elementor-top-section elementor-element elementor-element-d30a19a elementor-reverse-tablet elementor-reverse-mobile elementor-section-boxed elementor-section-gap-beside-yes elementor-section-height-default elementor-section-height-default elementor-section-column-vertical-align-stretch\" data-id=\"d30a19a\" data-element_type=\"section\">\n\t\t\t\t\t\t<div class=\"elementor-container elementor-column-gap-extended\">\n\t\t\t\t\t<div class=\"elementor-column elementor-col-100 elementor-top-column elementor-element elementor-element-d277c41\" data-id=\"d277c41\" data-element_type=\"column\">\n\t\t\t<div class=\"elementor-widget-wrap elementor-element-populated\">\n\t\t\t\t\t\t\t\t<section class=\"elementor-section elementor-inner-section elementor-element elementor-element-64b73cc elementor-section-boxed elementor-section-gap-beside-yes elementor-section-height-default elementor-section-height-default elementor-section-column-vertical-align-stretch\" data-id=\"64b73cc\" data-element_type=\"section\">\n\t\t\t\t\t\t<div class=\"elementor-container elementor-column-gap-extended\">\n\t\t\t\t\t<div class=\"elementor-column elementor-col-50 elementor-inner-column elementor-element elementor-element-1e5d2d5 elementor-invisible\" data-id=\"1e5d2d5\" data-element_type=\"column\" data-settings=\"{&quot;animation&quot;:&quot;billyFadeInUp&quot;}\">\n\t\t\t<div class=\"elementor-widget-wrap elementor-element-populated\">\n\t\t\t\t\t\t\t\t<div class=\"elementor-element elementor-element-5c41dc4 elementor-widget elementor-widget-tm-heading\" data-id=\"5c41dc4\" data-element_type=\"widget\" data-widget_type=\"tm-heading.default\">\n\t\t\t\t<div class=\"elementor-widget-container\">\n\t\t\t\t\t<div class=\"tm-modern-heading\">\n\t\t\t\t\t<div class=\"heading-secondary-wrap\">\n\t\t\t<div class=\"heading-secondary elementor-heading-title\">Perguntas Frequentes<\/div>\t\t<\/div>\n\t\t\n\t\t\t\t\t<div class=\"heading-primary-wrap\">\n\t\t\t<h2 class=\"heading-primary elementor-heading-title\">N\u00f3s resolvemos<br>\nas suas d\u00favidas<\/h2>\t\t<\/div>\n\t\t\n\t\t\t\n\t\t\t\t\t<\/div>\n\t\t\t\t<\/div>\n\t\t\t\t<\/div>\n\t\t\t\t\t<\/div>\n\t\t<\/div>\n\t\t\t\t<div class=\"elementor-column elementor-col-50 elementor-inner-column elementor-element elementor-element-0b9a549 elementor-invisible\" data-id=\"0b9a549\" data-element_type=\"column\" data-settings=\"{&quot;animation&quot;:&quot;billyFadeInUp&quot;}\">\n\t\t\t<div class=\"elementor-widget-wrap elementor-element-populated\">\n\t\t\t\t\t\t\t\t<div class=\"elementor-element elementor-element-e143075 billey-accordion-style-02 elementor-widget elementor-widget-tm-accordion\" data-id=\"e143075\" data-element_type=\"widget\" data-widget_type=\"tm-accordion.default\">\n\t\t\t\t<div class=\"elementor-widget-container\">\n\t\t\t\t\t<div class=\"billey-accordion\">\n\t\t\t\t\t\t\t<div class=\"accordion-section\">\n\t\t\t\t\t<div class=\"accordion-header\">\n\t\t\t\t\t\t\t\t\t\t\t\t<div class=\"accordion-title-wrapper\">\n\t\t\t\t\t\t\t<h3 class=\"accordion-title\">\u00c9 necess\u00e1rio fazer uma instala\u00e7\u00e3o el\u00e9trica especial para trabalhar com o HidrobotPWR\u00ae?<\/h3>\t\t\t\t\t\t<\/div>\t\t\t\t\t\t\t\t\t\t\t\t\t<div class=\"accordion-icons\">\n\t\t\t\t\t\t\t\t<span\n\t\t\t\t\t\t\t\t\tclass=\"accordion-icon opened-icon\"><i class=\"fal fa-plus\"><\/i><\/span>\n\t\t\t\t\t\t\t\t<span\n\t\t\t\t\t\t\t\t\tclass=\"accordion-icon closed-icon\"><i class=\"fal fa-minus\"><\/i><\/span>\n\t\t\t\t\t\t\t<\/div>\n\t\t\t\t\t\t\t\t\t\t\t\t\t\t\t\t\t<\/div>\n\t\t\t\t\t<div class=\"accordion-content\">\n\t\t\t\t\t\t<p>N\u00e3o \u00e9 necess\u00e1rio instalar tomadas especiais porque o <strong>Hidrobot<\/strong>PWR\u00ae funciona com tomadas de 220 volts.<\/p>\t\t\t\t\t<\/div>\n\t\t\t\t<\/div>\n\t\t\t\t\t\t\t<div class=\"accordion-section\">\n\t\t\t\t\t<div class=\"accordion-header\">\n\t\t\t\t\t\t\t\t\t\t\t\t<div class=\"accordion-title-wrapper\">\n\t\t\t\t\t\t\t<h3 class=\"accordion-title\">O HidrobotPWR\u00ae pode trabalhar com \u00e1gua quente?<\/h3>\t\t\t\t\t\t<\/div>\t\t\t\t\t\t\t\t\t\t\t\t\t<div class=\"accordion-icons\">\n\t\t\t\t\t\t\t\t<span\n\t\t\t\t\t\t\t\t\tclass=\"accordion-icon opened-icon\"><i class=\"fal fa-plus\"><\/i><\/span>\n\t\t\t\t\t\t\t\t<span\n\t\t\t\t\t\t\t\t\tclass=\"accordion-icon closed-icon\"><i class=\"fal fa-minus\"><\/i><\/span>\n\t\t\t\t\t\t\t<\/div>\n\t\t\t\t\t\t\t\t\t\t\t\t\t\t\t\t\t<\/div>\n\t\t\t\t\t<div class=\"accordion-content\">\n\t\t\t\t\t\t<p>Sim, durante o processo de limpeza pode ser utilizada \u00e1gua com temperatura de at\u00e9 90\u00b0.<\/p>\t\t\t\t\t<\/div>\n\t\t\t\t<\/div>\n\t\t\t\t\t\t\t<div class=\"accordion-section\">\n\t\t\t\t\t<div class=\"accordion-header\">\n\t\t\t\t\t\t\t\t\t\t\t\t<div class=\"accordion-title-wrapper\">\n\t\t\t\t\t\t\t<h3 class=\"accordion-title\">\u00c9 necess\u00e1ria uma forma\u00e7\u00e3o especial para controlar o funcionamento do rob\u00f4?<\/h3>\t\t\t\t\t\t<\/div>\t\t\t\t\t\t\t\t\t\t\t\t\t<div class=\"accordion-icons\">\n\t\t\t\t\t\t\t\t<span\n\t\t\t\t\t\t\t\t\tclass=\"accordion-icon opened-icon\"><i class=\"fal fa-plus\"><\/i><\/span>\n\t\t\t\t\t\t\t\t<span\n\t\t\t\t\t\t\t\t\tclass=\"accordion-icon closed-icon\"><i class=\"fal fa-minus\"><\/i><\/span>\n\t\t\t\t\t\t\t<\/div>\n\t\t\t\t\t\t\t\t\t\t\t\t\t\t\t\t\t<\/div>\n\t\t\t\t\t<div class=\"accordion-content\">\n\t\t\t\t\t\t<p>N\u00e3o, a sua configura\u00e7\u00e3o para efetuar tarefas de limpeza espec\u00edficas \u00e9 simples, f\u00e1cil e intuitiva.<\/p>\t\t\t\t\t<\/div>\n\t\t\t\t<\/div>\n\t\t\t\t\t\t\t<div class=\"accordion-section\">\n\t\t\t\t\t<div class=\"accordion-header\">\n\t\t\t\t\t\t\t\t\t\t\t\t<div class=\"accordion-title-wrapper\">\n\t\t\t\t\t\t\t<h3 class=\"accordion-title\">O HidrobotPWR\u00ae tem diferentes programas de limpeza?<\/h3>\t\t\t\t\t\t<\/div>\t\t\t\t\t\t\t\t\t\t\t\t\t<div class=\"accordion-icons\">\n\t\t\t\t\t\t\t\t<span\n\t\t\t\t\t\t\t\t\tclass=\"accordion-icon opened-icon\"><i class=\"fal fa-plus\"><\/i><\/span>\n\t\t\t\t\t\t\t\t<span\n\t\t\t\t\t\t\t\t\tclass=\"accordion-icon closed-icon\"><i class=\"fal fa-minus\"><\/i><\/span>\n\t\t\t\t\t\t\t<\/div>\n\t\t\t\t\t\t\t\t\t\t\t\t\t\t\t\t\t<\/div>\n\t\t\t\t\t<div class=\"accordion-content\">\n\t\t\t\t\t\t<p>Sim, e basta ter o aplicativo da <strong>Prowash Robotics<\/strong> instalado no seu telefone, que lhe permitir\u00e1 controlar as configura\u00e7\u00f5es necess\u00e1rias de forma personalizada.<\/p>\t\t\t\t\t<\/div>\n\t\t\t\t<\/div>\n\t\t\t\t\t\t\t<div class=\"accordion-section\">\n\t\t\t\t\t<div class=\"accordion-header\">\n\t\t\t\t\t\t\t\t\t\t\t\t<div class=\"accordion-title-wrapper\">\n\t\t\t\t\t\t\t<h3 class=\"accordion-title\">Posso fazer eu mesmo a manuten\u00e7\u00e3o do HidrobotPWR\u00ae?<\/h3>\t\t\t\t\t\t<\/div>\t\t\t\t\t\t\t\t\t\t\t\t\t<div class=\"accordion-icons\">\n\t\t\t\t\t\t\t\t<span\n\t\t\t\t\t\t\t\t\tclass=\"accordion-icon opened-icon\"><i class=\"fal fa-plus\"><\/i><\/span>\n\t\t\t\t\t\t\t\t<span\n\t\t\t\t\t\t\t\t\tclass=\"accordion-icon closed-icon\"><i class=\"fal fa-minus\"><\/i><\/span>\n\t\t\t\t\t\t\t<\/div>\n\t\t\t\t\t\t\t\t\t\t\t\t\t\t\t\t\t<\/div>\n\t\t\t\t\t<div class=\"accordion-content\">\n\t\t\t\t\t\t<p>Sim, no manual de instru\u00e7\u00f5es que acompanha o rob\u00f4 encontrar\u00e1 instru\u00e7\u00f5es sobre como e quando fazer a manuten\u00e7\u00e3o.<\/p>\t\t\t\t\t<\/div>\n\t\t\t\t<\/div>\n\t\t\t\t\t\t\t<div class=\"accordion-section\">\n\t\t\t\t\t<div class=\"accordion-header\">\n\t\t\t\t\t\t\t\t\t\t\t\t<div class=\"accordion-title-wrapper\">\n\t\t\t\t\t\t\t<h3 class=\"accordion-title\">Que vantagens tem o HidrobotPWR\u00ae sobre a limpeza manual?<\/h3>\t\t\t\t\t\t<\/div>\t\t\t\t\t\t\t\t\t\t\t\t\t<div class=\"accordion-icons\">\n\t\t\t\t\t\t\t\t<span\n\t\t\t\t\t\t\t\t\tclass=\"accordion-icon opened-icon\"><i class=\"fal fa-plus\"><\/i><\/span>\n\t\t\t\t\t\t\t\t<span\n\t\t\t\t\t\t\t\t\tclass=\"accordion-icon closed-icon\"><i class=\"fal fa-minus\"><\/i><\/span>\n\t\t\t\t\t\t\t<\/div>\n\t\t\t\t\t\t\t\t\t\t\t\t\t\t\t\t\t<\/div>\n\t\t\t\t\t<div class=\"accordion-content\">\n\t\t\t\t\t\t<p>Os benef\u00edcios da lavagem sob press\u00e3o com a <strong>Hidrobot<\/strong>PWR\u00ae s\u00e3o, sem d\u00favida, muitos, mas, em resumo, a automatiza\u00e7\u00e3o da limpeza proporcionar\u00e1 um ambiente mais saud\u00e1vel tanto para o pessoal como para os animais, otimizando o tempo, os recursos humanos e o consumo de \u00e1gua.<\/p>\t\t\t\t\t<\/div>\n\t\t\t\t<\/div>\n\t\t\t\t\t<\/div>\n\t\t\t\t<\/div>\n\t\t\t\t<\/div>\n\t\t\t\t\t<\/div>\n\t\t<\/div>\n\t\t\t\t\t\t\t<\/div>\n\t\t<\/section>\n\t\t\t\t\t<\/div>\n\t\t<\/div>\n\t\t\t\t\t\t\t<\/div>\n\t\t<\/section>\n\t\t\t\t\t\t\t<\/div>\n\t\t","protected":false},"excerpt":{"rendered":"<p>Perguntas Frequentes Perguntas Frequentes N\u00f3s resolvemos as suas d\u00favidas \u00c9 necess\u00e1rio fazer uma instala\u00e7\u00e3o el\u00e9trica especial para trabalhar com o HidrobotPWR\u00ae? N\u00e3o \u00e9 necess\u00e1rio instalar tomadas especiais porque o HidrobotPWR\u00ae funciona com tomadas de 220 volts. O HidrobotPWR\u00ae pode trabalhar com \u00e1gua quente? Sim, durante o processo de limpeza pode ser utilizada \u00e1gua com temperatura de at\u00e9 90\u00b0. \u00c9 necess\u00e1ria uma forma\u00e7\u00e3o especial para controlar o funcionamento do rob\u00f4? N\u00e3o, a sua configura\u00e7\u00e3o para efetuar tarefas de limpeza espec\u00edficas \u00e9 simples, f\u00e1cil e intuitiva. O HidrobotPWR\u00ae tem diferentes programas de limpeza? Sim, e basta ter o aplicativo da Prowash Robotics instalado no seu telefone, que lhe permitir\u00e1 controlar as configura\u00e7\u00f5es necess\u00e1rias de forma personalizada. Posso fazer eu mesmo a manuten\u00e7\u00e3o do HidrobotPWR\u00ae? Sim, no manual de instru\u00e7\u00f5es que acompanha o rob\u00f4 encontrar\u00e1 instru\u00e7\u00f5es sobre como e quando fazer a manuten\u00e7\u00e3o. Que vantagens tem o HidrobotPWR\u00ae sobre a limpeza manual? Os benef\u00edcios da lavagem sob press\u00e3o com a HidrobotPWR\u00ae s\u00e3o, sem d\u00favida, muitos, mas, em resumo, a automatiza\u00e7\u00e3o da limpeza proporcionar\u00e1 um ambiente mais saud\u00e1vel tanto para o pessoal como para os animais, otimizando o tempo, os recursos humanos e o consumo de \u00e1gua.<\/p>\n","protected":false},"author":1,"featured_media":0,"parent":0,"menu_order":0,"comment_status":"closed","ping_status":"closed","template":"elementor_header_footer","meta":{"footnotes":""},"class_list":["post-8336","page","type-page","status-publish","hentry","post-no-thumbnail"],"_links":{"self":[{"href":"https:\/\/prowashrobotics.com\/pt-pt\/wp-json\/wp\/v2\/pages\/8336","targetHints":{"allow":["GET"]}}],"collection":[{"href":"https:\/\/prowashrobotics.com\/pt-pt\/wp-json\/wp\/v2\/pages"}],"about":[{"href":"https:\/\/prowashrobotics.com\/pt-pt\/wp-json\/wp\/v2\/types\/page"}],"author":[{"embeddable":true,"href":"https:\/\/prowashrobotics.com\/pt-pt\/wp-json\/wp\/v2\/users\/1"}],"replies":[{"embeddable":true,"href":"https:\/\/prowashrobotics.com\/pt-pt\/wp-json\/wp\/v2\/comments?post=8336"}],"version-history":[{"count":8,"href":"https:\/\/prowashrobotics.com\/pt-pt\/wp-json\/wp\/v2\/pages\/8336\/revisions"}],"predecessor-version":[{"id":9736,"href":"https:\/\/prowashrobotics.com\/pt-pt\/wp-json\/wp\/v2\/pages\/8336\/revisions\/9736"}],"wp:attachment":[{"href":"https:\/\/prowashrobotics.com\/pt-pt\/wp-json\/wp\/v2\/media?parent=8336"}],"curies":[{"name":"wp","href":"https:\/\/api.w.org\/{rel}","templated":true}]}}