{"id":8359,"date":"2023-10-15T13:06:48","date_gmt":"2023-10-15T11:06:48","guid":{"rendered":"https:\/\/prowashrobotics.com\/prowash-robotics\/"},"modified":"2025-03-12T17:40:01","modified_gmt":"2025-03-12T16:40:01","slug":"prowash-robotics-nosotros","status":"publish","type":"page","link":"https:\/\/prowashrobotics.com\/es\/prowash-robotics-nosotros\/","title":{"rendered":"Prowash Robotics"},"content":{"rendered":"\t\t<div data-elementor-type=\"wp-page\" data-elementor-id=\"8359\" class=\"elementor elementor-8359 elementor-6889\" data-elementor-post-type=\"page\">\n\t\t\t\t\t\t\t\t\t<section class=\"elementor-section elementor-top-section elementor-element elementor-element-74462c8 elementor-section-full_width elementor-section-column-vertical-align-middle elementor-section-stretched elementor-section-gap-beside-yes elementor-section-height-default elementor-section-height-default\" data-id=\"74462c8\" data-element_type=\"section\" data-settings=\"{&quot;stretch_section&quot;:&quot;section-stretched&quot;,&quot;background_background&quot;:&quot;classic&quot;,&quot;background_motion_fx_motion_fx_scrolling&quot;:&quot;yes&quot;,&quot;background_motion_fx_translateY_effect&quot;:&quot;yes&quot;,&quot;background_motion_fx_translateY_speed&quot;:{&quot;unit&quot;:&quot;px&quot;,&quot;size&quot;:10,&quot;sizes&quot;:[]},&quot;background_motion_fx_translateY_affectedRange&quot;:{&quot;unit&quot;:&quot;%&quot;,&quot;size&quot;:&quot;&quot;,&quot;sizes&quot;:{&quot;start&quot;:0,&quot;end&quot;:100}},&quot;background_motion_fx_devices&quot;:[&quot;desktop&quot;,&quot;tablet&quot;,&quot;mobile&quot;]}\">\n\t\t\t\t\t\t\t<div class=\"elementor-background-overlay\"><\/div>\n\t\t\t\t\t\t\t<div class=\"elementor-container elementor-column-gap-extended\">\n\t\t\t\t\t<div class=\"elementor-column elementor-col-100 elementor-top-column elementor-element elementor-element-1abc335\" data-id=\"1abc335\" data-element_type=\"column\">\n\t\t\t<div class=\"elementor-widget-wrap elementor-element-populated\">\n\t\t\t\t\t\t\t\t<div class=\"elementor-element elementor-element-cfd25f1 elementor-widget elementor-widget-tm-heading\" data-id=\"cfd25f1\" data-element_type=\"widget\" data-widget_type=\"tm-heading.default\">\n\t\t\t\t<div class=\"elementor-widget-container\">\n\t\t\t\t\t<div class=\"tm-modern-heading\">\n\t\t\t\n\t\t\t\t\t<div class=\"heading-primary-wrap\">\n\t\t\t<h1 class=\"heading-primary elementor-heading-title\">NOSOTROS<\/h1>\t\t<\/div>\n\t\t\n\t\t\t\n\t\t\t\t\t<\/div>\n\t\t\t\t<\/div>\n\t\t\t\t<\/div>\n\t\t\t\t\t<\/div>\n\t\t<\/div>\n\t\t\t\t\t\t\t<\/div>\n\t\t<\/section>\n\t\t\t\t<section class=\"elementor-section elementor-top-section elementor-element elementor-element-d30a19a elementor-reverse-tablet elementor-reverse-mobile elementor-section-boxed elementor-section-gap-beside-yes elementor-section-height-default elementor-section-height-default elementor-section-column-vertical-align-stretch\" data-id=\"d30a19a\" data-element_type=\"section\">\n\t\t\t\t\t\t<div class=\"elementor-container elementor-column-gap-extended\">\n\t\t\t\t\t<div class=\"elementor-column elementor-col-100 elementor-top-column elementor-element elementor-element-d277c41\" data-id=\"d277c41\" data-element_type=\"column\">\n\t\t\t<div class=\"elementor-widget-wrap elementor-element-populated\">\n\t\t\t\t\t\t\t\t<section class=\"elementor-section elementor-inner-section elementor-element elementor-element-64b73cc elementor-section-boxed elementor-section-gap-beside-yes elementor-section-height-default elementor-section-height-default elementor-section-column-vertical-align-stretch\" data-id=\"64b73cc\" data-element_type=\"section\">\n\t\t\t\t\t\t<div class=\"elementor-container elementor-column-gap-extended\">\n\t\t\t\t\t<div class=\"elementor-column elementor-col-50 elementor-inner-column elementor-element elementor-element-1e5d2d5 elementor-invisible\" data-id=\"1e5d2d5\" data-element_type=\"column\" data-settings=\"{&quot;animation&quot;:&quot;billyFadeInUp&quot;}\">\n\t\t\t<div class=\"elementor-widget-wrap elementor-element-populated\">\n\t\t\t\t\t\t\t\t<div class=\"elementor-element elementor-element-5c41dc4 elementor-widget elementor-widget-tm-heading\" data-id=\"5c41dc4\" data-element_type=\"widget\" data-widget_type=\"tm-heading.default\">\n\t\t\t\t<div class=\"elementor-widget-container\">\n\t\t\t\t\t<div class=\"tm-modern-heading\">\n\t\t\t\t\t<div class=\"heading-secondary-wrap\">\n\t\t\t<div class=\"heading-secondary elementor-heading-title\">PROWASH ROBOTICS<\/div>\t\t<\/div>\n\t\t\n\t\t\t\t\t<div class=\"heading-primary-wrap\">\n\t\t\t<h2 class=\"heading-primary elementor-heading-title\">Creando futuro<\/h2>\t\t<\/div>\n\t\t\n\t\t\t\n\t\t\t\t\t<\/div>\n\t\t\t\t<\/div>\n\t\t\t\t<\/div>\n\t\t\t\t\t<\/div>\n\t\t<\/div>\n\t\t\t\t<div class=\"elementor-column elementor-col-50 elementor-inner-column elementor-element elementor-element-0b9a549 elementor-invisible\" data-id=\"0b9a549\" data-element_type=\"column\" data-settings=\"{&quot;animation&quot;:&quot;billyFadeInUp&quot;}\">\n\t\t\t<div class=\"elementor-widget-wrap elementor-element-populated\">\n\t\t\t\t\t\t\t\t<div class=\"elementor-element elementor-element-b251d1c elementor-widget elementor-widget-text-editor\" data-id=\"b251d1c\" data-element_type=\"widget\" data-widget_type=\"text-editor.default\">\n\t\t\t\t<div class=\"elementor-widget-container\">\n\t\t\t<style>\/*! elementor - v3.16.0 - 20-09-2023 *\/\n.elementor-widget-text-editor.elementor-drop-cap-view-stacked .elementor-drop-cap{background-color:#69727d;color:#fff}.elementor-widget-text-editor.elementor-drop-cap-view-framed .elementor-drop-cap{color:#69727d;border:3px solid;background-color:transparent}.elementor-widget-text-editor:not(.elementor-drop-cap-view-default) .elementor-drop-cap{margin-top:8px}.elementor-widget-text-editor:not(.elementor-drop-cap-view-default) .elementor-drop-cap-letter{width:1em;height:1em}.elementor-widget-text-editor .elementor-drop-cap{float:left;text-align:center;line-height:1;font-size:50px}.elementor-widget-text-editor .elementor-drop-cap-letter{display:inline-block}<\/style>\t\t\t\t<p><b>Prowash Robotics<\/b> nace con la misi\u00f3n de conseguir la excelencia en la limpieza de las granjas porcinas mediante soluciones robotizadas.<\/p>\n<p>La trayectoria de la empresa avanza siempre con la vista puesta en la m\u00e1xima innovaci\u00f3n tecnol\u00f3gica. Consecuentemente y, gracias al esfuerzo profesional de investigaci\u00f3n y desarrollo por parte de nuestro equipo de profesionales podemos avanzar el futuro, presentando el <b>Hidrobot<\/b>PWR<b>\u00ae<\/b>, uno de los robots de limpieza a presi\u00f3n m\u00e1s avanzados del mercado.<\/p>\n\t\t\t\t\t\t<\/div>\n\t\t\t\t<\/div>\n\t\t\t\t\t<\/div>\n\t\t<\/div>\n\t\t\t\t\t\t\t<\/div>\n\t\t<\/section>\n\t\t\t\t\t<\/div>\n\t\t<\/div>\n\t\t\t\t\t\t\t<\/div>\n\t\t<\/section>\n\t\t<div class=\"elementor-element elementor-element-d40350e e-con-full e-flex e-con e-parent\" data-id=\"d40350e\" data-element_type=\"container\" data-settings=\"{&quot;content_width&quot;:&quot;full&quot;}\" data-core-v316-plus=\"true\">\n\t\t<div class=\"elementor-element elementor-element-f17b54d e-con-full e-flex e-con e-child\" data-id=\"f17b54d\" data-element_type=\"container\" data-settings=\"{&quot;content_width&quot;:&quot;full&quot;,&quot;background_background&quot;:&quot;classic&quot;}\">\n\t\t\t\t<\/div>\n\t\t<div class=\"elementor-element elementor-element-18cb0c7 e-con-full e-flex e-con e-child\" data-id=\"18cb0c7\" data-element_type=\"container\" data-settings=\"{&quot;content_width&quot;:&quot;full&quot;,&quot;background_background&quot;:&quot;classic&quot;,&quot;background_motion_fx_motion_fx_scrolling&quot;:&quot;yes&quot;,&quot;background_motion_fx_translateX_effect&quot;:&quot;yes&quot;,&quot;background_motion_fx_translateX_direction&quot;:&quot;negative&quot;,&quot;background_motion_fx_translateX_speed&quot;:{&quot;unit&quot;:&quot;px&quot;,&quot;size&quot;:4,&quot;sizes&quot;:[]},&quot;background_motion_fx_translateX_affectedRange&quot;:{&quot;unit&quot;:&quot;%&quot;,&quot;size&quot;:&quot;&quot;,&quot;sizes&quot;:{&quot;start&quot;:0,&quot;end&quot;:100}},&quot;background_motion_fx_devices&quot;:[&quot;desktop&quot;,&quot;tablet&quot;,&quot;mobile&quot;]}\">\n\t\t\t\t<div class=\"elementor-element elementor-element-6da7da9 elementor-widget elementor-widget-tm-heading\" data-id=\"6da7da9\" data-element_type=\"widget\" data-widget_type=\"tm-heading.default\">\n\t\t\t\t<div class=\"elementor-widget-container\">\n\t\t\t\t\t<div class=\"tm-modern-heading\">\n\t\t\t\n\t\t\t\t\t<div class=\"heading-primary-wrap\">\n\t\t\t<h2 class=\"heading-primary elementor-heading-title\">Compromiso con el medio ambiente<\/h2>\t\t<\/div>\n\t\t\n\t\t\t\n\t\t\t\t\t<\/div>\n\t\t\t\t<\/div>\n\t\t\t\t<\/div>\n\t\t\t\t<div class=\"elementor-element elementor-element-36e5d0e elementor-widget__width-initial elementor-widget elementor-widget-text-editor\" data-id=\"36e5d0e\" data-element_type=\"widget\" data-widget_type=\"text-editor.default\">\n\t\t\t\t<div class=\"elementor-widget-container\">\n\t\t\t\t\t\t\t<p><b>Prowash Robotics<\/b> apuesta por minimizar el impacto ambiental, generando productos responsables con la gesti\u00f3n del agua, eficientes y con un bajo consumo energ\u00e9tico.<\/p>\n<p>El ejemplo m\u00e1s claro de nuestra responsabilidad medioambiental es el <b>Hidrobot<\/b>PWR\u00ae el cual no requiere usar agua mientras se desplaza o se posiciona dentro del corral, \u00fanicamente en el momento de la limpieza, minimizando as\u00ed el desperdicio del recurso.<\/p>\n\t\t\t\t\t\t<\/div>\n\t\t\t\t<\/div>\n\t\t\t\t<\/div>\n\t\t\t\t<\/div>\n\t\t\t\t<section class=\"elementor-section elementor-top-section elementor-element elementor-element-5771598 elementor-reverse-tablet elementor-reverse-mobile elementor-section-boxed elementor-section-gap-beside-yes elementor-section-height-default elementor-section-height-default elementor-section-column-vertical-align-stretch\" data-id=\"5771598\" data-element_type=\"section\">\n\t\t\t\t\t\t<div class=\"elementor-container elementor-column-gap-extended\">\n\t\t\t\t\t<div class=\"elementor-column elementor-col-100 elementor-top-column elementor-element elementor-element-85b679d\" data-id=\"85b679d\" data-element_type=\"column\">\n\t\t\t<div class=\"elementor-widget-wrap elementor-element-populated\">\n\t\t\t\t\t\t\t\t<section class=\"elementor-section elementor-inner-section elementor-element elementor-element-22bb8fe elementor-section-boxed elementor-section-gap-beside-yes elementor-section-height-default elementor-section-height-default elementor-section-column-vertical-align-stretch\" data-id=\"22bb8fe\" data-element_type=\"section\">\n\t\t\t\t\t\t<div class=\"elementor-container elementor-column-gap-extended\">\n\t\t\t\t\t<div class=\"elementor-column elementor-col-50 elementor-inner-column elementor-element elementor-element-21c2830 elementor-invisible\" data-id=\"21c2830\" data-element_type=\"column\" data-settings=\"{&quot;animation&quot;:&quot;billyFadeInUp&quot;}\">\n\t\t\t<div class=\"elementor-widget-wrap elementor-element-populated\">\n\t\t\t\t\t\t\t\t<div class=\"elementor-element elementor-element-88a4ab1 elementor-widget elementor-widget-tm-heading\" data-id=\"88a4ab1\" data-element_type=\"widget\" data-widget_type=\"tm-heading.default\">\n\t\t\t\t<div class=\"elementor-widget-container\">\n\t\t\t\t\t<div class=\"tm-modern-heading\">\n\t\t\t\t\t<div class=\"heading-secondary-wrap\">\n\t\t\t<div class=\"heading-secondary elementor-heading-title\">lavado a presi\u00f3n con \nel HidrobotPWR\u00ae<\/div>\t\t<\/div>\n\t\t\n\t\t\t\t\t<div class=\"heading-primary-wrap\">\n\t\t\t<h2 class=\"heading-primary elementor-heading-title\">Los 5 beneficios<\/h2>\t\t<\/div>\n\t\t\n\t\t\t\n\t\t\t\t\t<\/div>\n\t\t\t\t<\/div>\n\t\t\t\t<\/div>\n\t\t\t\t\t<\/div>\n\t\t<\/div>\n\t\t\t\t<div class=\"elementor-column elementor-col-50 elementor-inner-column elementor-element elementor-element-457b4bd elementor-invisible\" data-id=\"457b4bd\" data-element_type=\"column\" data-settings=\"{&quot;animation&quot;:&quot;billyFadeInUp&quot;}\">\n\t\t\t<div class=\"elementor-widget-wrap elementor-element-populated\">\n\t\t\t\t\t\t<div class=\"elementor-element elementor-element-96b2bcd e-flex e-con-boxed e-con e-parent\" data-id=\"96b2bcd\" data-element_type=\"container\" data-settings=\"{&quot;content_width&quot;:&quot;boxed&quot;}\" data-core-v316-plus=\"true\">\n\t\t\t\t\t<div class=\"e-con-inner\">\n\t\t\t\t<div class=\"elementor-element elementor-element-3e00819 elementor-widget__width-initial elementor-widget elementor-widget-image\" data-id=\"3e00819\" data-element_type=\"widget\" data-widget_type=\"image.default\">\n\t\t\t\t<div class=\"elementor-widget-container\">\n\t\t\t<style>\/*! elementor - v3.16.0 - 20-09-2023 *\/\n.elementor-widget-image{text-align:center}.elementor-widget-image a{display:inline-block}.elementor-widget-image a img[src$=\".svg\"]{width:48px}.elementor-widget-image img{vertical-align:middle;display:inline-block}<\/style>\t\t\t\t\t\t\t\t\t\t\t\t<img loading=\"lazy\" decoding=\"async\" width=\"47\" height=\"46\" src=\"https:\/\/prowashrobotics.com\/wp-content\/uploads\/2025\/03\/ico-1.svg\" class=\"attachment-large size-large wp-image-9407\" alt=\"\" \/>\t\t\t\t\t\t\t\t\t\t\t\t\t\t\t<\/div>\n\t\t\t\t<\/div>\n\t\t\t\t<div class=\"elementor-element elementor-element-c8d5939 elementor-vertical-align-top elementor-widget elementor-widget-icon-box\" data-id=\"c8d5939\" data-element_type=\"widget\" data-widget_type=\"icon-box.default\">\n\t\t\t\t<div class=\"elementor-widget-container\">\n\t\t\t<link rel=\"stylesheet\" href=\"https:\/\/prowashrobotics.com\/wp-content\/plugins\/elementor\/assets\/css\/widget-icon-box.min.css\">\t\t<div class=\"elementor-icon-box-wrapper\">\n\t\t\t\t\t\t<div class=\"elementor-icon-box-content\">\n\t\t\t\t<h3 class=\"elementor-icon-box-title\">\n\t\t\t\t\t<span  >\n\t\t\t\t\t\tEntorno m\u00e1s saludable\t\t\t\t\t<\/span>\n\t\t\t\t<\/h3>\n\t\t\t\t\t\t\t\t\t<p class=\"elementor-icon-box-description\">\n\t\t\t\t\t\tLa automatizaci\u00f3n del proceso de lavado significa una mejora para el bienestar de los trabajadores y las trabajadoras, ya que facilita el trabajo manual m\u00e1s duro minimizando as\u00ed posibles problemas de salud derivados de los procesos propios de la limpieza de la granja (inhalaci\u00f3n de amon\u00edaco, trabajo intenso...).\t\t\t\t\t<\/p>\n\t\t\t\t\t\t\t<\/div>\n\t\t<\/div>\n\t\t\t\t<\/div>\n\t\t\t\t<\/div>\n\t\t\t\t\t<\/div>\n\t\t\t\t<\/div>\n\t\t<div class=\"elementor-element elementor-element-495339c e-flex e-con-boxed e-con e-parent\" data-id=\"495339c\" data-element_type=\"container\" data-settings=\"{&quot;content_width&quot;:&quot;boxed&quot;}\" data-core-v316-plus=\"true\">\n\t\t\t\t\t<div class=\"e-con-inner\">\n\t\t\t\t<div class=\"elementor-element elementor-element-aae6fb7 elementor-widget__width-initial elementor-widget elementor-widget-image\" data-id=\"aae6fb7\" data-element_type=\"widget\" data-widget_type=\"image.default\">\n\t\t\t\t<div class=\"elementor-widget-container\">\n\t\t\t\t\t\t\t\t\t\t\t\t\t\t\t<img loading=\"lazy\" decoding=\"async\" width=\"47\" height=\"46\" src=\"https:\/\/prowashrobotics.com\/wp-content\/uploads\/2025\/03\/ico-2.svg\" class=\"attachment-large size-large wp-image-9412\" alt=\"\" \/>\t\t\t\t\t\t\t\t\t\t\t\t\t\t\t<\/div>\n\t\t\t\t<\/div>\n\t\t\t\t<div class=\"elementor-element elementor-element-723581d elementor-vertical-align-top elementor-widget elementor-widget-icon-box\" data-id=\"723581d\" data-element_type=\"widget\" data-widget_type=\"icon-box.default\">\n\t\t\t\t<div class=\"elementor-widget-container\">\n\t\t\t\t\t<div class=\"elementor-icon-box-wrapper\">\n\t\t\t\t\t\t<div class=\"elementor-icon-box-content\">\n\t\t\t\t<h3 class=\"elementor-icon-box-title\">\n\t\t\t\t\t<span  >\n\t\t\t\t\t\tSeguridad biol\u00f3gica\t\t\t\t\t<\/span>\n\t\t\t\t<\/h3>\n\t\t\t\t\t\t\t\t\t<p class=\"elementor-icon-box-description\">\n\t\t\t\t\t\tCon el <strong>Hidrobot<\/strong>PWR\u00ae, la autogesti\u00f3n de la limpieza de su granja reforzar\u00e1 la bioseguridad, aumentando el nivel de higiene de la granja gracias al lavado autom\u00e1tico de esta. La automatizaci\u00f3n hace que la rotaci\u00f3n del personal entre granjas sea menor evitando un importante factor de riesgo.\t\t\t\t\t<\/p>\n\t\t\t\t\t\t\t<\/div>\n\t\t<\/div>\n\t\t\t\t<\/div>\n\t\t\t\t<\/div>\n\t\t\t\t\t<\/div>\n\t\t\t\t<\/div>\n\t\t<div class=\"elementor-element elementor-element-81d1c8d e-flex e-con-boxed e-con e-parent\" data-id=\"81d1c8d\" data-element_type=\"container\" data-settings=\"{&quot;content_width&quot;:&quot;boxed&quot;}\" data-core-v316-plus=\"true\">\n\t\t\t\t\t<div class=\"e-con-inner\">\n\t\t\t\t<div class=\"elementor-element elementor-element-110235e elementor-widget__width-initial elementor-widget elementor-widget-image\" data-id=\"110235e\" data-element_type=\"widget\" data-widget_type=\"image.default\">\n\t\t\t\t<div class=\"elementor-widget-container\">\n\t\t\t\t\t\t\t\t\t\t\t\t\t\t\t<img loading=\"lazy\" decoding=\"async\" width=\"47\" height=\"46\" src=\"https:\/\/prowashrobotics.com\/wp-content\/uploads\/2025\/03\/ico-3.svg\" class=\"attachment-large size-large wp-image-9417\" alt=\"\" \/>\t\t\t\t\t\t\t\t\t\t\t\t\t\t\t<\/div>\n\t\t\t\t<\/div>\n\t\t\t\t<div class=\"elementor-element elementor-element-4705c04 elementor-vertical-align-top elementor-widget elementor-widget-icon-box\" data-id=\"4705c04\" data-element_type=\"widget\" data-widget_type=\"icon-box.default\">\n\t\t\t\t<div class=\"elementor-widget-container\">\n\t\t\t\t\t<div class=\"elementor-icon-box-wrapper\">\n\t\t\t\t\t\t<div class=\"elementor-icon-box-content\">\n\t\t\t\t<h3 class=\"elementor-icon-box-title\">\n\t\t\t\t\t<span  >\n\t\t\t\t\t\tEconom\u00eda y ahorro de agua\t\t\t\t\t<\/span>\n\t\t\t\t<\/h3>\n\t\t\t\t\t\t\t\t\t<p class=\"elementor-icon-box-description\">\n\t\t\t\t\t\tAhora con el <strong>Hidrobot<\/strong>PWR\u00ae, la limpieza de su granja ser\u00e1 un trabajo mecanizado mucho m\u00e1s \u00e1gil y r\u00e1pido, optimizando el tiempo y los recursos humanos. El resultado: disminuye el tiempo de lavado, aumenta la eficiencia del personal y se reduce el consumo de agua.\t\t\t\t\t<\/p>\n\t\t\t\t\t\t\t<\/div>\n\t\t<\/div>\n\t\t\t\t<\/div>\n\t\t\t\t<\/div>\n\t\t\t\t\t<\/div>\n\t\t\t\t<\/div>\n\t\t<div class=\"elementor-element elementor-element-1a009d7 e-flex e-con-boxed e-con e-parent\" data-id=\"1a009d7\" data-element_type=\"container\" data-settings=\"{&quot;content_width&quot;:&quot;boxed&quot;}\" data-core-v316-plus=\"true\">\n\t\t\t\t\t<div class=\"e-con-inner\">\n\t\t\t\t<div class=\"elementor-element elementor-element-6824828 elementor-widget__width-initial elementor-widget elementor-widget-image\" data-id=\"6824828\" data-element_type=\"widget\" data-widget_type=\"image.default\">\n\t\t\t\t<div class=\"elementor-widget-container\">\n\t\t\t\t\t\t\t\t\t\t\t\t\t\t\t<img loading=\"lazy\" decoding=\"async\" width=\"47\" height=\"46\" src=\"https:\/\/prowashrobotics.com\/wp-content\/uploads\/2025\/03\/ico-4.svg\" class=\"attachment-large size-large wp-image-9422\" alt=\"\" \/>\t\t\t\t\t\t\t\t\t\t\t\t\t\t\t<\/div>\n\t\t\t\t<\/div>\n\t\t\t\t<div class=\"elementor-element elementor-element-e4872a3 elementor-vertical-align-top elementor-widget elementor-widget-icon-box\" data-id=\"e4872a3\" data-element_type=\"widget\" data-widget_type=\"icon-box.default\">\n\t\t\t\t<div class=\"elementor-widget-container\">\n\t\t\t\t\t<div class=\"elementor-icon-box-wrapper\">\n\t\t\t\t\t\t<div class=\"elementor-icon-box-content\">\n\t\t\t\t<h3 class=\"elementor-icon-box-title\">\n\t\t\t\t\t<span  >\n\t\t\t\t\t\tMejor control animal\t\t\t\t\t<\/span>\n\t\t\t\t<\/h3>\n\t\t\t\t\t\t\t\t\t<p class=\"elementor-icon-box-description\">\n\t\t\t\t\t\tEste ahorro de tiempo permite que los trabajadores puedan prestar m\u00e1s atenci\u00f3n y recursos al control de los animales. El <strong>Hidrobot<\/strong>PWR\u00ae ayudar\u00e1 a hacer una mejor labor y m\u00e1s eficiente.\t\t\t\t\t<\/p>\n\t\t\t\t\t\t\t<\/div>\n\t\t<\/div>\n\t\t\t\t<\/div>\n\t\t\t\t<\/div>\n\t\t\t\t\t<\/div>\n\t\t\t\t<\/div>\n\t\t<div class=\"elementor-element elementor-element-b7cda8a e-flex e-con-boxed e-con e-parent\" data-id=\"b7cda8a\" data-element_type=\"container\" data-settings=\"{&quot;content_width&quot;:&quot;boxed&quot;}\" data-core-v316-plus=\"true\">\n\t\t\t\t\t<div class=\"e-con-inner\">\n\t\t\t\t<div class=\"elementor-element elementor-element-455bdac elementor-widget__width-initial elementor-widget elementor-widget-image\" data-id=\"455bdac\" data-element_type=\"widget\" data-widget_type=\"image.default\">\n\t\t\t\t<div class=\"elementor-widget-container\">\n\t\t\t\t\t\t\t\t\t\t\t\t\t\t\t<img loading=\"lazy\" decoding=\"async\" width=\"47\" height=\"46\" src=\"https:\/\/prowashrobotics.com\/wp-content\/uploads\/2025\/03\/ico-5.svg\" class=\"attachment-large size-large wp-image-9427\" alt=\"\" \/>\t\t\t\t\t\t\t\t\t\t\t\t\t\t\t<\/div>\n\t\t\t\t<\/div>\n\t\t\t\t<div class=\"elementor-element elementor-element-435ab22 elementor-vertical-align-top elementor-widget elementor-widget-icon-box\" data-id=\"435ab22\" data-element_type=\"widget\" data-widget_type=\"icon-box.default\">\n\t\t\t\t<div class=\"elementor-widget-container\">\n\t\t\t\t\t<div class=\"elementor-icon-box-wrapper\">\n\t\t\t\t\t\t<div class=\"elementor-icon-box-content\">\n\t\t\t\t<h3 class=\"elementor-icon-box-title\">\n\t\t\t\t\t<span  >\n\t\t\t\t\t\tAgilidad en la gesti\u00f3n\t\t\t\t\t<\/span>\n\t\t\t\t<\/h3>\n\t\t\t\t\t\t\t\t\t<p class=\"elementor-icon-box-description\">\n\t\t\t\t\t\tEl <strong>Hidrobot<\/strong>PWR\u00ae es muy vers\u00e1til y adaptable a la configuraci\u00f3n y necesidades de cada granja e incluso se adapta a los tubos de bajada de alimentaci\u00f3n. Su puesta en funcionamiento es una tarea muy sencilla, f\u00e1cil e intuitiva.\t\t\t\t\t<\/p>\n\t\t\t\t\t\t\t<\/div>\n\t\t<\/div>\n\t\t\t\t<\/div>\n\t\t\t\t<\/div>\n\t\t\t\t\t<\/div>\n\t\t\t\t<\/div>\n\t\t\t\t\t<\/div>\n\t\t<\/div>\n\t\t\t\t\t\t\t<\/div>\n\t\t<\/section>\n\t\t\t\t\t<\/div>\n\t\t<\/div>\n\t\t\t\t\t\t\t<\/div>\n\t\t<\/section>\n\t\t\t\t\t\t\t<\/div>\n\t\t","protected":false},"excerpt":{"rendered":"<p>NOSOTROS PROWASH ROBOTICS Creando futuro Prowash Robotics nace con la misi\u00f3n de conseguir la excelencia en la limpieza de las granjas porcinas mediante soluciones robotizadas. La trayectoria de la empresa avanza siempre con la vista puesta en la m\u00e1xima innovaci\u00f3n tecnol\u00f3gica. Consecuentemente y, gracias al esfuerzo profesional de investigaci\u00f3n y desarrollo por parte de nuestro equipo de profesionales podemos avanzar el futuro, presentando el HidrobotPWR\u00ae, uno de los robots de limpieza a presi\u00f3n m\u00e1s avanzados del mercado. Compromiso con el medio ambiente Prowash Robotics apuesta por minimizar el impacto ambiental, generando productos responsables con la gesti\u00f3n del agua, eficientes y con un bajo consumo energ\u00e9tico. El ejemplo m\u00e1s claro de nuestra responsabilidad medioambiental es el HidrobotPWR\u00ae el cual no requiere usar agua mientras se desplaza o se posiciona dentro del corral, \u00fanicamente en el momento de la limpieza, minimizando as\u00ed el desperdicio del recurso. lavado a presi\u00f3n con el HidrobotPWR\u00ae Los 5 beneficios Entorno m\u00e1s saludable La automatizaci\u00f3n del proceso de lavado significa una mejora para el bienestar de los trabajadores y las trabajadoras, ya que facilita el trabajo manual m\u00e1s duro minimizando as\u00ed posibles problemas de salud derivados de los procesos propios de la limpieza de la granja (inhalaci\u00f3n de amon\u00edaco, trabajo intenso&#8230;). Seguridad biol\u00f3gica Con el HidrobotPWR\u00ae, la autogesti\u00f3n de la limpieza de su granja reforzar\u00e1 la bioseguridad, aumentando el nivel de higiene de la granja gracias al lavado autom\u00e1tico de esta. La automatizaci\u00f3n hace que la rotaci\u00f3n del personal entre granjas sea menor evitando un importante factor de riesgo. Econom\u00eda y ahorro de agua Ahora con el HidrobotPWR\u00ae, la limpieza de su granja ser\u00e1 un trabajo mecanizado mucho m\u00e1s \u00e1gil y r\u00e1pido, optimizando el tiempo y los recursos humanos. El resultado: disminuye el tiempo de lavado, aumenta la eficiencia del personal y se reduce el consumo de agua. Mejor control animal Este ahorro de tiempo permite que los trabajadores puedan prestar m\u00e1s atenci\u00f3n y recursos al control de los animales. El HidrobotPWR\u00ae ayudar\u00e1 a hacer una mejor labor y m\u00e1s eficiente. Agilidad en la gesti\u00f3n El HidrobotPWR\u00ae es muy vers\u00e1til y adaptable a la configuraci\u00f3n y necesidades de cada granja e incluso se adapta a los tubos de bajada de alimentaci\u00f3n. Su puesta en funcionamiento es una tarea muy sencilla, f\u00e1cil e intuitiva.<\/p>\n","protected":false},"author":1,"featured_media":0,"parent":0,"menu_order":0,"comment_status":"closed","ping_status":"closed","template":"elementor_header_footer","meta":{"footnotes":""},"class_list":["post-8359","page","type-page","status-publish","hentry","post-no-thumbnail"],"_links":{"self":[{"href":"https:\/\/prowashrobotics.com\/es\/wp-json\/wp\/v2\/pages\/8359","targetHints":{"allow":["GET"]}}],"collection":[{"href":"https:\/\/prowashrobotics.com\/es\/wp-json\/wp\/v2\/pages"}],"about":[{"href":"https:\/\/prowashrobotics.com\/es\/wp-json\/wp\/v2\/types\/page"}],"author":[{"embeddable":true,"href":"https:\/\/prowashrobotics.com\/es\/wp-json\/wp\/v2\/users\/1"}],"replies":[{"embeddable":true,"href":"https:\/\/prowashrobotics.com\/es\/wp-json\/wp\/v2\/comments?post=8359"}],"version-history":[{"count":7,"href":"https:\/\/prowashrobotics.com\/es\/wp-json\/wp\/v2\/pages\/8359\/revisions"}],"predecessor-version":[{"id":9437,"href":"https:\/\/prowashrobotics.com\/es\/wp-json\/wp\/v2\/pages\/8359\/revisions\/9437"}],"wp:attachment":[{"href":"https:\/\/prowashrobotics.com\/es\/wp-json\/wp\/v2\/media?parent=8359"}],"curies":[{"name":"wp","href":"https:\/\/api.w.org\/{rel}","templated":true}]}}