{"id":8332,"date":"2023-10-15T15:29:11","date_gmt":"2023-10-15T13:29:11","guid":{"rendered":"https:\/\/prowashrobotics.com\/faq-preguntas-frecuentes\/"},"modified":"2025-11-13T10:41:59","modified_gmt":"2025-11-13T09:41:59","slug":"faq-preguntas-frecuentes","status":"publish","type":"page","link":"https:\/\/prowashrobotics.com\/es\/faq-preguntas-frecuentes\/","title":{"rendered":"FAQ"},"content":{"rendered":"\t\t<div data-elementor-type=\"wp-page\" data-elementor-id=\"8332\" class=\"elementor elementor-8332 elementor-7019\" data-elementor-post-type=\"page\">\n\t\t\t\t\t\t\t\t\t<section class=\"elementor-section elementor-top-section elementor-element elementor-element-74462c8 elementor-section-full_width elementor-section-column-vertical-align-middle elementor-section-stretched elementor-section-gap-beside-yes elementor-section-height-default elementor-section-height-default\" data-id=\"74462c8\" data-element_type=\"section\" data-settings=\"{&quot;stretch_section&quot;:&quot;section-stretched&quot;,&quot;background_background&quot;:&quot;classic&quot;,&quot;background_motion_fx_motion_fx_scrolling&quot;:&quot;yes&quot;,&quot;background_motion_fx_translateY_effect&quot;:&quot;yes&quot;,&quot;background_motion_fx_translateY_speed&quot;:{&quot;unit&quot;:&quot;px&quot;,&quot;size&quot;:10,&quot;sizes&quot;:[]},&quot;background_motion_fx_translateY_affectedRange&quot;:{&quot;unit&quot;:&quot;%&quot;,&quot;size&quot;:&quot;&quot;,&quot;sizes&quot;:{&quot;start&quot;:0,&quot;end&quot;:100}},&quot;background_motion_fx_devices&quot;:[&quot;desktop&quot;,&quot;tablet&quot;,&quot;mobile&quot;]}\">\n\t\t\t\t\t\t\t<div class=\"elementor-background-overlay\"><\/div>\n\t\t\t\t\t\t\t<div class=\"elementor-container elementor-column-gap-extended\">\n\t\t\t\t\t<div class=\"elementor-column elementor-col-100 elementor-top-column elementor-element elementor-element-1abc335\" data-id=\"1abc335\" data-element_type=\"column\">\n\t\t\t<div class=\"elementor-widget-wrap elementor-element-populated\">\n\t\t\t\t\t\t\t\t<div class=\"elementor-element elementor-element-cfd25f1 elementor-widget elementor-widget-tm-heading\" data-id=\"cfd25f1\" data-element_type=\"widget\" data-widget_type=\"tm-heading.default\">\n\t\t\t\t<div class=\"elementor-widget-container\">\n\t\t\t\t\t<div class=\"tm-modern-heading\">\n\t\t\t\n\t\t\t\t\t<div class=\"heading-primary-wrap\">\n\t\t\t<h1 class=\"heading-primary elementor-heading-title\">PREGUNTAS FRECUENTES<\/h1>\t\t<\/div>\n\t\t\n\t\t\t\n\t\t\t\t\t<\/div>\n\t\t\t\t<\/div>\n\t\t\t\t<\/div>\n\t\t\t\t\t<\/div>\n\t\t<\/div>\n\t\t\t\t\t\t\t<\/div>\n\t\t<\/section>\n\t\t\t\t<section class=\"elementor-section elementor-top-section elementor-element elementor-element-d30a19a elementor-reverse-tablet elementor-reverse-mobile elementor-section-boxed elementor-section-gap-beside-yes elementor-section-height-default elementor-section-height-default elementor-section-column-vertical-align-stretch\" data-id=\"d30a19a\" data-element_type=\"section\">\n\t\t\t\t\t\t<div class=\"elementor-container elementor-column-gap-extended\">\n\t\t\t\t\t<div class=\"elementor-column elementor-col-100 elementor-top-column elementor-element elementor-element-d277c41\" data-id=\"d277c41\" data-element_type=\"column\">\n\t\t\t<div class=\"elementor-widget-wrap elementor-element-populated\">\n\t\t\t\t\t\t\t\t<section class=\"elementor-section elementor-inner-section elementor-element elementor-element-64b73cc elementor-section-boxed elementor-section-gap-beside-yes elementor-section-height-default elementor-section-height-default elementor-section-column-vertical-align-stretch\" data-id=\"64b73cc\" data-element_type=\"section\">\n\t\t\t\t\t\t<div class=\"elementor-container elementor-column-gap-extended\">\n\t\t\t\t\t<div class=\"elementor-column elementor-col-50 elementor-inner-column elementor-element elementor-element-1e5d2d5 elementor-invisible\" data-id=\"1e5d2d5\" data-element_type=\"column\" data-settings=\"{&quot;animation&quot;:&quot;billyFadeInUp&quot;}\">\n\t\t\t<div class=\"elementor-widget-wrap elementor-element-populated\">\n\t\t\t\t\t\t\t\t<div class=\"elementor-element elementor-element-5c41dc4 elementor-widget elementor-widget-tm-heading\" data-id=\"5c41dc4\" data-element_type=\"widget\" data-widget_type=\"tm-heading.default\">\n\t\t\t\t<div class=\"elementor-widget-container\">\n\t\t\t\t\t<div class=\"tm-modern-heading\">\n\t\t\t\t\t<div class=\"heading-secondary-wrap\">\n\t\t\t<div class=\"heading-secondary elementor-heading-title\">FAQ<\/div>\t\t<\/div>\n\t\t\n\t\t\t\t\t<div class=\"heading-primary-wrap\">\n\t\t\t<h2 class=\"heading-primary elementor-heading-title\">Resolvemos<br>\nsus dudas<\/h2>\t\t<\/div>\n\t\t\n\t\t\t\n\t\t\t\t\t<\/div>\n\t\t\t\t<\/div>\n\t\t\t\t<\/div>\n\t\t\t\t\t<\/div>\n\t\t<\/div>\n\t\t\t\t<div class=\"elementor-column elementor-col-50 elementor-inner-column elementor-element elementor-element-0b9a549 elementor-invisible\" data-id=\"0b9a549\" data-element_type=\"column\" data-settings=\"{&quot;animation&quot;:&quot;billyFadeInUp&quot;}\">\n\t\t\t<div class=\"elementor-widget-wrap elementor-element-populated\">\n\t\t\t\t\t\t\t\t<div class=\"elementor-element elementor-element-e143075 billey-accordion-style-02 elementor-widget elementor-widget-tm-accordion\" data-id=\"e143075\" data-element_type=\"widget\" data-widget_type=\"tm-accordion.default\">\n\t\t\t\t<div class=\"elementor-widget-container\">\n\t\t\t\t\t<div class=\"billey-accordion\">\n\t\t\t\t\t\t\t<div class=\"accordion-section\">\n\t\t\t\t\t<div class=\"accordion-header\">\n\t\t\t\t\t\t\t\t\t\t\t\t<div class=\"accordion-title-wrapper\">\n\t\t\t\t\t\t\t<h3 class=\"accordion-title\">\u00bfHace falta hacer una instalaci\u00f3n el\u00e9ctrica especial para trabajar con el HidrobotPWR\u00ae?<\/h3>\t\t\t\t\t\t<\/div>\t\t\t\t\t\t\t\t\t\t\t\t\t<div class=\"accordion-icons\">\n\t\t\t\t\t\t\t\t<span\n\t\t\t\t\t\t\t\t\tclass=\"accordion-icon opened-icon\"><i class=\"fal fa-plus\"><\/i><\/span>\n\t\t\t\t\t\t\t\t<span\n\t\t\t\t\t\t\t\t\tclass=\"accordion-icon closed-icon\"><i class=\"fal fa-minus\"><\/i><\/span>\n\t\t\t\t\t\t\t<\/div>\n\t\t\t\t\t\t\t\t\t\t\t\t\t\t\t\t\t<\/div>\n\t\t\t\t\t<div class=\"accordion-content\">\n\t\t\t\t\t\t<p>No es necesario disponer de enchufes especiales porque el <strong>Hidrobot<\/strong>PWR\u00ae funciona con enchufes de 220 voltios y en algunos pa\u00edses de 110 voltios.<\/p>\t\t\t\t\t<\/div>\n\t\t\t\t<\/div>\n\t\t\t\t\t\t\t<div class=\"accordion-section\">\n\t\t\t\t\t<div class=\"accordion-header\">\n\t\t\t\t\t\t\t\t\t\t\t\t<div class=\"accordion-title-wrapper\">\n\t\t\t\t\t\t\t<h3 class=\"accordion-title\">\u00bfEl HidrobotPWR\u00ae puede trabajar con agua caliente?<\/h3>\t\t\t\t\t\t<\/div>\t\t\t\t\t\t\t\t\t\t\t\t\t<div class=\"accordion-icons\">\n\t\t\t\t\t\t\t\t<span\n\t\t\t\t\t\t\t\t\tclass=\"accordion-icon opened-icon\"><i class=\"fal fa-plus\"><\/i><\/span>\n\t\t\t\t\t\t\t\t<span\n\t\t\t\t\t\t\t\t\tclass=\"accordion-icon closed-icon\"><i class=\"fal fa-minus\"><\/i><\/span>\n\t\t\t\t\t\t\t<\/div>\n\t\t\t\t\t\t\t\t\t\t\t\t\t\t\t\t\t<\/div>\n\t\t\t\t\t<div class=\"accordion-content\">\n\t\t\t\t\t\t<p>S\u00ed, la temperatura del agua en el proceso de limpieza puede llegar hasta los 90\u00b0C.<\/p>\t\t\t\t\t<\/div>\n\t\t\t\t<\/div>\n\t\t\t\t\t\t\t<div class=\"accordion-section\">\n\t\t\t\t\t<div class=\"accordion-header\">\n\t\t\t\t\t\t\t\t\t\t\t\t<div class=\"accordion-title-wrapper\">\n\t\t\t\t\t\t\t<h3 class=\"accordion-title\">\u00bfSe requiere formaci\u00f3n para controlar el funcionamiento del robot?<\/h3>\t\t\t\t\t\t<\/div>\t\t\t\t\t\t\t\t\t\t\t\t\t<div class=\"accordion-icons\">\n\t\t\t\t\t\t\t\t<span\n\t\t\t\t\t\t\t\t\tclass=\"accordion-icon opened-icon\"><i class=\"fal fa-plus\"><\/i><\/span>\n\t\t\t\t\t\t\t\t<span\n\t\t\t\t\t\t\t\t\tclass=\"accordion-icon closed-icon\"><i class=\"fal fa-minus\"><\/i><\/span>\n\t\t\t\t\t\t\t<\/div>\n\t\t\t\t\t\t\t\t\t\t\t\t\t\t\t\t\t<\/div>\n\t\t\t\t\t<div class=\"accordion-content\">\n\t\t\t\t\t\t<p>No, ponerlo en marcha para que lleve a cabo su tarea de limpieza espec\u00edfica es una labor muy sencilla, f\u00e1cil e intuitiva.<\/p>\t\t\t\t\t<\/div>\n\t\t\t\t<\/div>\n\t\t\t\t\t\t\t<div class=\"accordion-section\">\n\t\t\t\t\t<div class=\"accordion-header\">\n\t\t\t\t\t\t\t\t\t\t\t\t<div class=\"accordion-title-wrapper\">\n\t\t\t\t\t\t\t<h3 class=\"accordion-title\">\u00bfEl HidrobotPWR\u00ae dispone de varios programas de limpieza?<\/h3>\t\t\t\t\t\t<\/div>\t\t\t\t\t\t\t\t\t\t\t\t\t<div class=\"accordion-icons\">\n\t\t\t\t\t\t\t\t<span\n\t\t\t\t\t\t\t\t\tclass=\"accordion-icon opened-icon\"><i class=\"fal fa-plus\"><\/i><\/span>\n\t\t\t\t\t\t\t\t<span\n\t\t\t\t\t\t\t\t\tclass=\"accordion-icon closed-icon\"><i class=\"fal fa-minus\"><\/i><\/span>\n\t\t\t\t\t\t\t<\/div>\n\t\t\t\t\t\t\t\t\t\t\t\t\t\t\t\t\t<\/div>\n\t\t\t\t\t<div class=\"accordion-content\">\n\t\t\t\t\t\t<p>Efectivamente y solo necesitar\u00e1 tener instalada en su m\u00f3vil la aplicaci\u00f3n de <strong>Prowash Robotics<\/strong> que le permitir\u00e1 controlar los ajustes necesarios de manera personalizada.<\/p>\t\t\t\t\t<\/div>\n\t\t\t\t<\/div>\n\t\t\t\t\t\t\t<div class=\"accordion-section\">\n\t\t\t\t\t<div class=\"accordion-header\">\n\t\t\t\t\t\t\t\t\t\t\t\t<div class=\"accordion-title-wrapper\">\n\t\t\t\t\t\t\t<h3 class=\"accordion-title\">\u00bfUno mismo puede realizar el mantenimiento del HidrobotPWR\u00ae?<\/h3>\t\t\t\t\t\t<\/div>\t\t\t\t\t\t\t\t\t\t\t\t\t<div class=\"accordion-icons\">\n\t\t\t\t\t\t\t\t<span\n\t\t\t\t\t\t\t\t\tclass=\"accordion-icon opened-icon\"><i class=\"fal fa-plus\"><\/i><\/span>\n\t\t\t\t\t\t\t\t<span\n\t\t\t\t\t\t\t\t\tclass=\"accordion-icon closed-icon\"><i class=\"fal fa-minus\"><\/i><\/span>\n\t\t\t\t\t\t\t<\/div>\n\t\t\t\t\t\t\t\t\t\t\t\t\t\t\t\t\t<\/div>\n\t\t\t\t\t<div class=\"accordion-content\">\n\t\t\t\t\t\t<p>S\u00ed, en el manual de instrucciones que acompa\u00f1a el robot encontrar\u00e1 todas las indicaciones de c\u00f3mo y cada cu\u00e1nto es necesario realizar el mantenimiento.<\/p>\t\t\t\t\t<\/div>\n\t\t\t\t<\/div>\n\t\t\t\t\t\t\t<div class=\"accordion-section\">\n\t\t\t\t\t<div class=\"accordion-header\">\n\t\t\t\t\t\t\t\t\t\t\t\t<div class=\"accordion-title-wrapper\">\n\t\t\t\t\t\t\t<h3 class=\"accordion-title\">\u00bfQu\u00e9 ventajas tiene el HidrobotPWR\u00ae respecto de la limpieza manual?<\/h3>\t\t\t\t\t\t<\/div>\t\t\t\t\t\t\t\t\t\t\t\t\t<div class=\"accordion-icons\">\n\t\t\t\t\t\t\t\t<span\n\t\t\t\t\t\t\t\t\tclass=\"accordion-icon opened-icon\"><i class=\"fal fa-plus\"><\/i><\/span>\n\t\t\t\t\t\t\t\t<span\n\t\t\t\t\t\t\t\t\tclass=\"accordion-icon closed-icon\"><i class=\"fal fa-minus\"><\/i><\/span>\n\t\t\t\t\t\t\t<\/div>\n\t\t\t\t\t\t\t\t\t\t\t\t\t\t\t\t\t<\/div>\n\t\t\t\t\t<div class=\"accordion-content\">\n\t\t\t\t\t\t<p>Sin duda, los beneficios del lavado a presi\u00f3n con el <strong>Hidrobot<\/strong>PWR\u00ae son muchos, pero en resumen, la automatizaci\u00f3n del proceso de limpieza le proporcionar\u00e1 un entorno m\u00e1s saludable tanto para el personal como para los animales, optimizando el tiempo, los recursos humanos y el consumo de agua.<\/p>\t\t\t\t\t<\/div>\n\t\t\t\t<\/div>\n\t\t\t\t\t<\/div>\n\t\t\t\t<\/div>\n\t\t\t\t<\/div>\n\t\t\t\t\t<\/div>\n\t\t<\/div>\n\t\t\t\t\t\t\t<\/div>\n\t\t<\/section>\n\t\t\t\t\t<\/div>\n\t\t<\/div>\n\t\t\t\t\t\t\t<\/div>\n\t\t<\/section>\n\t\t\t\t\t\t\t<\/div>\n\t\t","protected":false},"excerpt":{"rendered":"<p>PREGUNTAS FRECUENTES FAQ Resolvemos sus dudas \u00bfHace falta hacer una instalaci\u00f3n el\u00e9ctrica especial para trabajar con el HidrobotPWR\u00ae? No es necesario disponer de enchufes especiales porque el HidrobotPWR\u00ae funciona con enchufes de 220 voltios y en algunos pa\u00edses de 110 voltios. \u00bfEl HidrobotPWR\u00ae puede trabajar con agua caliente? S\u00ed, la temperatura del agua en el proceso de limpieza puede llegar hasta los 90\u00b0C. \u00bfSe requiere formaci\u00f3n para controlar el funcionamiento del robot? No, ponerlo en marcha para que lleve a cabo su tarea de limpieza espec\u00edfica es una labor muy sencilla, f\u00e1cil e intuitiva. \u00bfEl HidrobotPWR\u00ae dispone de varios programas de limpieza? Efectivamente y solo necesitar\u00e1 tener instalada en su m\u00f3vil la aplicaci\u00f3n de Prowash Robotics que le permitir\u00e1 controlar los ajustes necesarios de manera personalizada. \u00bfUno mismo puede realizar el mantenimiento del HidrobotPWR\u00ae? S\u00ed, en el manual de instrucciones que acompa\u00f1a el robot encontrar\u00e1 todas las indicaciones de c\u00f3mo y cada cu\u00e1nto es necesario realizar el mantenimiento. \u00bfQu\u00e9 ventajas tiene el HidrobotPWR\u00ae respecto de la limpieza manual? Sin duda, los beneficios del lavado a presi\u00f3n con el HidrobotPWR\u00ae son muchos, pero en resumen, la automatizaci\u00f3n del proceso de limpieza le proporcionar\u00e1 un entorno m\u00e1s saludable tanto para el personal como para los animales, optimizando el tiempo, los recursos humanos y el consumo de agua.<\/p>\n","protected":false},"author":1,"featured_media":0,"parent":0,"menu_order":0,"comment_status":"closed","ping_status":"closed","template":"elementor_header_footer","meta":{"footnotes":""},"class_list":["post-8332","page","type-page","status-publish","hentry","post-no-thumbnail"],"_links":{"self":[{"href":"https:\/\/prowashrobotics.com\/es\/wp-json\/wp\/v2\/pages\/8332","targetHints":{"allow":["GET"]}}],"collection":[{"href":"https:\/\/prowashrobotics.com\/es\/wp-json\/wp\/v2\/pages"}],"about":[{"href":"https:\/\/prowashrobotics.com\/es\/wp-json\/wp\/v2\/types\/page"}],"author":[{"embeddable":true,"href":"https:\/\/prowashrobotics.com\/es\/wp-json\/wp\/v2\/users\/1"}],"replies":[{"embeddable":true,"href":"https:\/\/prowashrobotics.com\/es\/wp-json\/wp\/v2\/comments?post=8332"}],"version-history":[{"count":14,"href":"https:\/\/prowashrobotics.com\/es\/wp-json\/wp\/v2\/pages\/8332\/revisions"}],"predecessor-version":[{"id":9652,"href":"https:\/\/prowashrobotics.com\/es\/wp-json\/wp\/v2\/pages\/8332\/revisions\/9652"}],"wp:attachment":[{"href":"https:\/\/prowashrobotics.com\/es\/wp-json\/wp\/v2\/media?parent=8332"}],"curies":[{"name":"wp","href":"https:\/\/api.w.org\/{rel}","templated":true}]}}